{"id":16221,"date":"2023-01-15T18:51:11","date_gmt":"2023-01-15T17:51:11","guid":{"rendered":"https:\/\/lyongeologie.fr\/?page_id=16221"},"modified":"2025-05-19T17:23:34","modified_gmt":"2025-05-19T15:23:34","slug":"mentions_legales","status":"publish","type":"page","link":"https:\/\/lyongeologie.fr\/en\/about\/mentions_legales\/","title":{"rendered":"Terms of use"},"content":{"rendered":"<div data-elementor-type=\"wp-page\" data-elementor-id=\"16221\" class=\"elementor elementor-16221\">\n\t\t\t\t\t\t<section class=\"elementor-section elementor-top-section elementor-element elementor-element-ea5d1a9 elementor-section-boxed elementor-section-height-default elementor-section-height-default\" data-id=\"ea5d1a9\" data-element_type=\"section\" data-e-type=\"section\">\n\t\t\t\t\t\t<div class=\"elementor-container elementor-column-gap-default\">\n\t\t\t\t\t<div class=\"elementor-column elementor-col-100 elementor-top-column elementor-element elementor-element-f9987ba\" data-id=\"f9987ba\" data-element_type=\"column\" data-e-type=\"column\">\n\t\t\t<div class=\"elementor-widget-wrap elementor-element-populated\">\n\t\t\t\t\t\t<div class=\"elementor-element elementor-element-707a559 elementor-widget elementor-widget-heading\" data-id=\"707a559\" data-element_type=\"widget\" data-e-type=\"widget\" data-widget_type=\"heading.default\">\n\t\t\t\t<div class=\"elementor-widget-container\">\n\t\t\t\t\t<h2 class=\"elementor-heading-title elementor-size-default\">Terms of use<\/h2>\t\t\t\t<\/div>\n\t\t\t\t<\/div>\n\t\t\t\t\t<\/div>\n\t\t<\/div>\n\t\t\t\t\t<\/div>\n\t\t<\/section>\n\t\t\t\t<section class=\"elementor-section elementor-top-section elementor-element elementor-element-cc77152 elementor-section-boxed elementor-section-height-default elementor-section-height-default\" data-id=\"cc77152\" data-element_type=\"section\" data-e-type=\"section\">\n\t\t\t\t\t\t<div class=\"elementor-container elementor-column-gap-default\">\n\t\t\t\t\t<div class=\"elementor-column elementor-col-100 elementor-top-column elementor-element elementor-element-35f08c4\" data-id=\"35f08c4\" data-element_type=\"column\" data-e-type=\"column\">\n\t\t\t<div class=\"elementor-widget-wrap elementor-element-populated\">\n\t\t\t\t\t\t<div class=\"elementor-element elementor-element-7a621ea elementor-widget elementor-widget-text-editor\" data-id=\"7a621ea\" data-element_type=\"widget\" data-e-type=\"widget\" data-widget_type=\"text-editor.default\">\n\t\t\t\t<div class=\"elementor-widget-container\">\n\t\t\t\t\t\t\t\t\t<div class=\"colonne_1\"><div class=\"colonne_deco\"><div class=\"paragraphe--0\"><div class=\"paragraphe__contenu--0 toolbox\"><h2>\u00a0<\/h2><h2>Official website of Lyon-Geologie<\/h2><\/div><div>\u00a0<\/div><div class=\"paragraphe__contenu--0 toolbox\"><strong><em>Observatoire de Lyon, University Claude Bernard Lyon 1<\/em><\/strong>,<\/div><div class=\"paragraphe__contenu--0 toolbox\">B\u00e2t. G\u00e9ode, 2 rue Rapha\u00ebl Dubois,<br \/>69622 Villeurbanne Cedex<\/div><div>and<\/div><div><em><strong>Department of Earth Sciences, ENS Lyon,<\/strong><\/em><\/div><\/div><div class=\"paragraphe--0\">15 parvis Ren\u00e9 Descartes, BP 7000<br \/>69342 Lyon Cedex 07<\/div><div>\u00a0<\/div><div><h2>Credits:<\/h2><\/div><\/div><\/div><p><strong>Director of publication:<\/strong> Cathy QUANTIN-NATAF<\/p><p><strong>Webmasters: <\/strong><\/p><ul><li>Antoine TRIANTAFYLLOU<\/li><li>Cathy QUANTIN-NATAF<\/li><li>Ma\u00eblis ARNOULD<\/li><li>Vincent LANGLOIS<\/li><\/ul><p class=\"translation-block\"><strong>Credits for images\/photos:<\/strong> Members of the teaching team of Lyon-G\u00e9ologie.<\/p><p class=\"translation-block\"><strong>Software:<\/strong> Wordpress, Elementor<\/p><h2>Protection of personal data<\/h2><p class=\"\">General informations about this subject is available in the dedicated section of the UCBL institutional website:<br \/><a id=\"LPlnk677671\" class=\"\" href=\"https:\/\/www.univ-lyon1.fr\/donnees-personnelles\" target=\"_blank\" rel=\"noopener noreferrer\">www.univ-lyon1.fr\/donnees-personnelles<\/a><\/p><h2>Copyright<\/h2><p class=\"translation-block\">The whole of this website is subject to French and international legislation on copyright and intellectual property.<br> All reproduction rights are reserved, including for downloadable documents and iconographic and photographic representations.<br> The reproduction of all or part of this site on any electronic medium whatsoever is formally prohibited unless expressly authorized by the director of the publication.<\/p>\t\t\t\t\t\t\t\t<\/div>\n\t\t\t\t<\/div>\n\t\t\t\t\t<\/div>\n\t\t<\/div>\n\t\t\t\t\t<\/div>\n\t\t<\/section>\n\t\t\t\t<\/div>","protected":false},"excerpt":{"rendered":"<p>Mentions l\u00e9gales \u00a0 Site officiel de la formation Lyon-G\u00e9ologie : \u00a0Observatoire de Lyon, Universit\u00e9 Claude Bernard Lyon 1,B\u00e2t. G\u00e9ode, 2 rue Rapha\u00ebl Dubois,69622 Villeurbanne CedexetD\u00e9partement des Sciences de la Terre, ENS de Lyon,15 parvis Ren\u00e9 Descartes, BP 700069342 Lyon Cedex 07\u00a0 Cr\u00e9dits : Directrice de la publication : Cathy QUANTIN-NATAF Webmasters: Antoine TRIANTAFYLLOU Cathy QUANTIN-NATAF [&hellip;]<\/p>\n","protected":false},"author":5,"featured_media":0,"parent":147,"menu_order":0,"comment_status":"closed","ping_status":"closed","template":"","meta":{"site-sidebar-layout":"no-sidebar","site-content-layout":"page-builder","ast-site-content-layout":"default","site-content-style":"default","site-sidebar-style":"default","ast-global-header-display":"","ast-banner-title-visibility":"","ast-main-header-display":"","ast-hfb-above-header-display":"","ast-hfb-below-header-display":"","ast-hfb-mobile-header-display":"","site-post-title":"disabled","ast-breadcrumbs-content":"","ast-featured-img":"disabled","footer-sml-layout":"","ast-disable-related-posts":"","theme-transparent-header-meta":"","adv-header-id-meta":"","stick-header-meta":"","header-above-stick-meta":"","header-main-stick-meta":"","header-below-stick-meta":"","astra-migrate-meta-layouts":"default","ast-page-background-enabled":"default","ast-page-background-meta":{"desktop":{"background-color":"var(--ast-global-color-4)","background-image":"","background-repeat":"repeat","background-position":"center center","background-size":"auto","background-attachment":"scroll","background-type":"","background-media":"","overlay-type":"","overlay-color":"","overlay-opacity":"","overlay-gradient":""},"tablet":{"background-color":"","background-image":"","background-repeat":"repeat","background-position":"center center","background-size":"auto","background-attachment":"scroll","background-type":"","background-media":"","overlay-type":"","overlay-color":"","overlay-opacity":"","overlay-gradient":""},"mobile":{"background-color":"","background-image":"","background-repeat":"repeat","background-position":"center center","background-size":"auto","background-attachment":"scroll","background-type":"","background-media":"","overlay-type":"","overlay-color":"","overlay-opacity":"","overlay-gradient":""}},"ast-content-background-meta":{"desktop":{"background-color":"var(--ast-global-color-5)","background-image":"","background-repeat":"repeat","background-position":"center center","background-size":"auto","background-attachment":"scroll","background-type":"","background-media":"","overlay-type":"","overlay-color":"","overlay-opacity":"","overlay-gradient":""},"tablet":{"background-color":"var(--ast-global-color-5)","background-image":"","background-repeat":"repeat","background-position":"center center","background-size":"auto","background-attachment":"scroll","background-type":"","background-media":"","overlay-type":"","overlay-color":"","overlay-opacity":"","overlay-gradient":""},"mobile":{"background-color":"var(--ast-global-color-5)","background-image":"","background-repeat":"repeat","background-position":"center center","background-size":"auto","background-attachment":"scroll","background-type":"","background-media":"","overlay-type":"","overlay-color":"","overlay-opacity":"","overlay-gradient":""}},"footnotes":""},"class_list":["post-16221","page","type-page","status-publish","hentry"],"_links":{"self":[{"href":"https:\/\/lyongeologie.fr\/en\/wp-json\/wp\/v2\/pages\/16221","targetHints":{"allow":["GET"]}}],"collection":[{"href":"https:\/\/lyongeologie.fr\/en\/wp-json\/wp\/v2\/pages"}],"about":[{"href":"https:\/\/lyongeologie.fr\/en\/wp-json\/wp\/v2\/types\/page"}],"author":[{"embeddable":true,"href":"https:\/\/lyongeologie.fr\/en\/wp-json\/wp\/v2\/users\/5"}],"replies":[{"embeddable":true,"href":"https:\/\/lyongeologie.fr\/en\/wp-json\/wp\/v2\/comments?post=16221"}],"version-history":[{"count":25,"href":"https:\/\/lyongeologie.fr\/en\/wp-json\/wp\/v2\/pages\/16221\/revisions"}],"predecessor-version":[{"id":18713,"href":"https:\/\/lyongeologie.fr\/en\/wp-json\/wp\/v2\/pages\/16221\/revisions\/18713"}],"up":[{"embeddable":true,"href":"https:\/\/lyongeologie.fr\/en\/wp-json\/wp\/v2\/pages\/147"}],"wp:attachment":[{"href":"https:\/\/lyongeologie.fr\/en\/wp-json\/wp\/v2\/media?parent=16221"}],"curies":[{"name":"wp","href":"https:\/\/api.w.org\/{rel}","templated":true}]}}