{"id":14359,"date":"2022-03-04T13:34:43","date_gmt":"2022-03-04T12:34:43","guid":{"rendered":"https:\/\/lyon-geologie.univ-lyon1.fr\/?page_id=14359"},"modified":"2025-11-03T17:16:46","modified_gmt":"2025-11-03T16:16:46","slug":"fc_terrain","status":"publish","type":"page","link":"https:\/\/lyongeologie.fr\/en\/nos-formations\/formation-continue\/fc_terrain\/","title":{"rendered":"Geological field work, petrology and mineralogy"},"content":{"rendered":"<div data-elementor-type=\"wp-page\" data-elementor-id=\"14359\" class=\"elementor elementor-14359\">\n\t\t\t\t\t\t<section class=\"elementor-section elementor-top-section elementor-element elementor-element-10b8adc0 elementor-section-boxed elementor-section-height-default elementor-section-height-default\" data-id=\"10b8adc0\" data-element_type=\"section\" data-e-type=\"section\">\n\t\t\t\t\t\t<div class=\"elementor-container elementor-column-gap-default\">\n\t\t\t\t\t<div class=\"elementor-column elementor-col-100 elementor-top-column elementor-element elementor-element-3d3129d6\" data-id=\"3d3129d6\" data-element_type=\"column\" data-e-type=\"column\">\n\t\t\t<div class=\"elementor-widget-wrap elementor-element-populated\">\n\t\t\t\t\t\t<div class=\"elementor-element elementor-element-11eb4154 elementor-widget elementor-widget-text-editor\" data-id=\"11eb4154\" data-element_type=\"widget\" data-e-type=\"widget\" data-widget_type=\"text-editor.default\">\n\t\t\t\t<div class=\"elementor-widget-container\">\n\t\t\t\t\t\t\t\t\t<h2><strong>Geological field work, petrology and mineralogy<br \/><\/strong><\/h2>\t\t\t\t\t\t\t\t<\/div>\n\t\t\t\t<\/div>\n\t\t\t\t\t<\/div>\n\t\t<\/div>\n\t\t\t\t\t<\/div>\n\t\t<\/section>\n\t\t\t\t<section class=\"elementor-section elementor-top-section elementor-element elementor-element-4d88a697 elementor-section-boxed elementor-section-height-default elementor-section-height-default\" data-id=\"4d88a697\" data-element_type=\"section\" data-e-type=\"section\">\n\t\t\t\t\t\t<div class=\"elementor-container elementor-column-gap-default\">\n\t\t\t\t\t<div class=\"elementor-column elementor-col-33 elementor-top-column elementor-element elementor-element-3058c3a2\" data-id=\"3058c3a2\" data-element_type=\"column\" data-e-type=\"column\">\n\t\t\t<div class=\"elementor-widget-wrap elementor-element-populated\">\n\t\t\t\t\t\t<div class=\"elementor-element elementor-element-7e01c9ec elementor-widget elementor-widget-text-editor\" data-id=\"7e01c9ec\" data-element_type=\"widget\" data-e-type=\"widget\" data-widget_type=\"text-editor.default\">\n\t\t\t\t<div class=\"elementor-widget-container\">\n\t\t\t\t\t\t\t\t\t<p style=\"text-align: center;\"><em>Contact:\u00a0<a href=\"mailto:muriel.andreani@univ-lyon1.fr\">Muriel ANDREANI<\/a><br \/><\/em><\/p>\t\t\t\t\t\t\t\t<\/div>\n\t\t\t\t<\/div>\n\t\t\t\t<div class=\"elementor-element elementor-element-7dada358 elementor-widget elementor-widget-image\" data-id=\"7dada358\" data-element_type=\"widget\" data-e-type=\"widget\" data-widget_type=\"image.default\">\n\t\t\t\t<div class=\"elementor-widget-container\">\n\t\t\t\t\t\t\t\t\t\t\t\t\t\t\t<img decoding=\"async\" width=\"150\" height=\"150\" src=\"https:\/\/lyongeologie.fr\/wp-content\/uploads\/2022\/02\/muriel_andreani.png\" class=\"attachment-large size-large wp-image-12331\" alt=\"\" \/>\t\t\t\t\t\t\t\t\t\t\t\t\t\t\t<\/div>\n\t\t\t\t<\/div>\n\t\t\t\t<div class=\"elementor-element elementor-element-22fb49cd elementor-align-center elementor-widget elementor-widget-button\" data-id=\"22fb49cd\" data-element_type=\"widget\" data-e-type=\"widget\" data-widget_type=\"button.default\">\n\t\t\t\t<div class=\"elementor-widget-container\">\n\t\t\t\t\t\t\t\t\t<div class=\"elementor-button-wrapper\">\n\t\t\t\t\t<a class=\"elementor-button elementor-button-link elementor-size-sm\" href=\"https:\/\/lyon-geologie.univ-lyon1.fr\/nos-formations\/formation-continue\/\">\n\t\t\t\t\t\t<span class=\"elementor-button-content-wrapper\">\n\t\t\t\t\t\t\t\t\t<span class=\"elementor-button-text\">Retour \u00e0 la liste des formations<\/span>\n\t\t\t\t\t<\/span>\n\t\t\t\t\t<\/a>\n\t\t\t\t<\/div>\n\t\t\t\t\t\t\t\t<\/div>\n\t\t\t\t<\/div>\n\t\t\t\t\t<\/div>\n\t\t<\/div>\n\t\t\t\t<div class=\"elementor-column elementor-col-66 elementor-top-column elementor-element elementor-element-5d13c9c4\" data-id=\"5d13c9c4\" data-element_type=\"column\" data-e-type=\"column\">\n\t\t\t<div class=\"elementor-widget-wrap elementor-element-populated\">\n\t\t\t\t\t\t<div class=\"elementor-element elementor-element-3e8bd84f elementor-widget elementor-widget-text-editor\" data-id=\"3e8bd84f\" data-element_type=\"widget\" data-e-type=\"widget\" data-widget_type=\"text-editor.default\">\n\t\t\t\t<div class=\"elementor-widget-container\">\n\t\t\t\t\t\t\t\t\t<p>Cette formation courte pr\u00e9sente les grands types de roches et les min\u00e9raux qui les constituent. Elle permet une d\u00e9couverte en laboratoire et sur le terrain. Elle permet aussi d\u2019apprendre \u00e0 rep\u00e9rer les grands types de roches dans les paysages et une meilleure lecture cartographique g\u00e9ologique.<\/p>\t\t\t\t\t\t\t\t<\/div>\n\t\t\t\t<\/div>\n\t\t\t\t<div class=\"elementor-element elementor-element-688fe4b elementor-widget elementor-widget-text-editor\" data-id=\"688fe4b\" data-element_type=\"widget\" data-e-type=\"widget\" data-widget_type=\"text-editor.default\">\n\t\t\t\t<div class=\"elementor-widget-container\">\n\t\t\t\t\t\t\t\t\t<h4 style=\"text-align: center;\"><span style=\"color: #ff9900;\">Prochaine session : 31 Mars et 1er avril 2026<\/span><\/h4>\t\t\t\t\t\t\t\t<\/div>\n\t\t\t\t<\/div>\n\t\t\t\t<div class=\"elementor-element elementor-element-d9c989d elementor-widget elementor-widget-text-editor\" data-id=\"d9c989d\" data-element_type=\"widget\" data-e-type=\"widget\" data-widget_type=\"text-editor.default\">\n\t\t\t\t<div class=\"elementor-widget-container\">\n\t\t\t\t\t\t\t\t\t<ul><li><strong><span style=\"text-decoration: underline;\">Plaquette et bulletin d&rsquo;inscription 2025<\/span> :<\/strong> <a href=\"https:\/\/lyongeologie.fr\/wp-content\/uploads\/2024\/07\/Plaquette-Terrain-geologie-petrologie-mineralogie-2024-2025.pdf\">t\u00e9l\u00e9charger ici<\/a><\/li><li><span style=\"text-decoration: underline;\"><strong>Dur\u00e9e<\/strong><\/span><strong> :<\/strong> 2 jours<\/li><li><span style=\"text-decoration: underline;\"><strong>Public concern\u00e9<\/strong><\/span><strong> : <\/strong><ul><li style=\"list-style-type: none;\"><ul><li>Techniciens, Ing\u00e9nieurs<\/li><li>Toute personne souhaitant acqu\u00e9rir ou renforcer des notions g\u00e9n\u00e9rales de g\u00e9ologie avec une application terrain<ul><li style=\"list-style-type: none;\">\u00a0<\/li><\/ul><\/li><\/ul><\/li><\/ul><\/li><\/ul>\t\t\t\t\t\t\t\t<\/div>\n\t\t\t\t<\/div>\n\t\t\t\t<div class=\"elementor-element elementor-element-fff0519 elementor-widget elementor-widget-image\" data-id=\"fff0519\" data-element_type=\"widget\" data-e-type=\"widget\" data-widget_type=\"image.default\">\n\t\t\t\t<div class=\"elementor-widget-container\">\n\t\t\t\t\t\t\t\t\t\t\t\t\t\t\t<img fetchpriority=\"high\" decoding=\"async\" width=\"945\" height=\"352\" src=\"https:\/\/lyongeologie.fr\/wp-content\/uploads\/2022\/03\/formation_continue.png\" class=\"attachment-large size-large wp-image-14341\" alt=\"\" srcset=\"https:\/\/lyongeologie.fr\/wp-content\/uploads\/2022\/03\/formation_continue.png 945w, https:\/\/lyongeologie.fr\/wp-content\/uploads\/2022\/03\/formation_continue-300x112.png 300w, https:\/\/lyongeologie.fr\/wp-content\/uploads\/2022\/03\/formation_continue-768x286.png 768w\" sizes=\"(max-width: 945px) 100vw, 945px\" \/>\t\t\t\t\t\t\t\t\t\t\t\t\t\t\t<\/div>\n\t\t\t\t<\/div>\n\t\t\t\t<div class=\"elementor-element elementor-element-be74d56 elementor-widget elementor-widget-text-editor\" data-id=\"be74d56\" data-element_type=\"widget\" data-e-type=\"widget\" data-widget_type=\"text-editor.default\">\n\t\t\t\t<div class=\"elementor-widget-container\">\n\t\t\t\t\t\t\t\t\t<ul><li><strong>Objectifs p\u00e9dagogiques : <\/strong>Notions de g\u00e9ologie g\u00e9n\u00e9rale, panorama des roches et des min\u00e9raux<ul><li style=\"list-style-type: none;\"><ul><li>En laboratoire : Identifier \u00e0 l\u2019\u00e9chelle macro et microscopique les grands types de roches et min\u00e9raux qui les composent<\/li><li>Sur le terrain :<ul><li style=\"list-style-type: none;\"><ul><li>Lecture g\u00e9omorphologique du paysage (lecture 3D)<\/li><li>Caract\u00e9risation de la nature et de la structure des affleurements rocheux<\/li><li>Initiation \u00e0 la cartographie g\u00e9ologique<\/li><\/ul><\/li><\/ul><\/li><\/ul><\/li><\/ul><\/li><li><strong>Moyens p\u00e9dagogiques :<\/strong><ul><li style=\"list-style-type: none;\"><ul><li>Expos\u00e9s th\u00e9oriques type cours magistraux<\/li><li>Travaux Pratiques sur microscopes optiques<\/li><li>Visite de site<\/li><\/ul><\/li><\/ul><\/li><\/ul>\t\t\t\t\t\t\t\t<\/div>\n\t\t\t\t<\/div>\n\t\t\t\t\t<\/div>\n\t\t<\/div>\n\t\t\t\t\t<\/div>\n\t\t<\/section>\n\t\t\t\t<section class=\"elementor-section elementor-top-section elementor-element elementor-element-60e91d00 elementor-section-boxed elementor-section-height-default elementor-section-height-default\" data-id=\"60e91d00\" data-element_type=\"section\" data-e-type=\"section\">\n\t\t\t\t\t\t<div class=\"elementor-container elementor-column-gap-default\">\n\t\t\t\t\t<div class=\"elementor-column elementor-col-100 elementor-top-column elementor-element elementor-element-28167226\" data-id=\"28167226\" data-element_type=\"column\" data-e-type=\"column\">\n\t\t\t<div class=\"elementor-widget-wrap elementor-element-populated\">\n\t\t\t\t\t\t<div class=\"elementor-element elementor-element-b2a6ab1 elementor-widget elementor-widget-text-editor\" data-id=\"b2a6ab1\" data-element_type=\"widget\" data-e-type=\"widget\" data-widget_type=\"text-editor.default\">\n\t\t\t\t<div class=\"elementor-widget-container\">\n\t\t\t\t\t\t\t\t\t<h4>Programme :<\/h4><ul><li><span style=\"text-decoration: underline;\"><strong>JOUR 1\u00a0: campus de la Doua, Villeurbanne<\/strong><\/span><ul><li style=\"list-style-type: none;\"><ul><li>G\u00e9ologie g\u00e9n\u00e9rale<ul><li style=\"list-style-type: none;\"><ul><li>Pr\u00e9sentation les grands contextes g\u00e9ologiques et les types de roches associ\u00e9s, leur classification<\/li><li>P\u00e9trologie magmatique, m\u00e9tamorphique et s\u00e9dimentaire<\/li><li>Pr\u00e9sentation des min\u00e9raux<\/li><li>Notions de G\u00e9omorphologie<\/li><li>Lecture sur cartographie g\u00e9ologique<\/li><\/ul><\/li><\/ul><\/li><li>Travaux pratiques :<ul><li style=\"list-style-type: none;\"><ul><li>Reconnaissance des min\u00e9raux et des roches sur \u00e9chantillon macroscopique et lame mince<\/li><li>Pr\u00e9paration visite du terrain<\/li><\/ul><\/li><\/ul><\/li><\/ul><\/li><\/ul><\/li><\/ul><ul><li><span style=\"text-decoration: underline;\"><strong>JOUR 2\u00a0: Poleymieux-au-Mont-d\u2019Or<\/strong><\/span><ul><li style=\"list-style-type: none;\"><ul><li>Travail g\u00e9ologique de terrain\u00a0: lecture g\u00e9omorphologique, identification des roches<\/li><li>Recontextualisation sur le secteur g\u00e9ographique<\/li><\/ul><\/li><\/ul><\/li><\/ul>\t\t\t\t\t\t\t\t<\/div>\n\t\t\t\t<\/div>\n\t\t\t\t\t<\/div>\n\t\t<\/div>\n\t\t\t\t\t<\/div>\n\t\t<\/section>\n\t\t\t\t<\/div>","protected":false},"excerpt":{"rendered":"<p>Terrain g\u00e9ologique, p\u00e9trologie et min\u00e9ralogie Responsable :\u00a0Muriel ANDREANI Retour \u00e0 la liste des formations Cette formation courte pr\u00e9sente les grands types de roches et les min\u00e9raux qui les constituent. Elle permet une d\u00e9couverte en laboratoire et sur le terrain. Elle permet aussi d\u2019apprendre \u00e0 rep\u00e9rer les grands types de roches dans les paysages et une [&hellip;]<\/p>\n","protected":false},"author":5,"featured_media":0,"parent":14219,"menu_order":0,"comment_status":"closed","ping_status":"closed","template":"","meta":{"site-sidebar-layout":"no-sidebar","site-content-layout":"page-builder","ast-site-content-layout":"default","site-content-style":"default","site-sidebar-style":"default","ast-global-header-display":"","ast-banner-title-visibility":"","ast-main-header-display":"","ast-hfb-above-header-display":"","ast-hfb-below-header-display":"","ast-hfb-mobile-header-display":"","site-post-title":"disabled","ast-breadcrumbs-content":"","ast-featured-img":"disabled","footer-sml-layout":"","ast-disable-related-posts":"","theme-transparent-header-meta":"","adv-header-id-meta":"","stick-header-meta":"","header-above-stick-meta":"","header-main-stick-meta":"","header-below-stick-meta":"","astra-migrate-meta-layouts":"default","ast-page-background-enabled":"default","ast-page-background-meta":{"desktop":{"background-color":"var(--ast-global-color-4)","background-image":"","background-repeat":"repeat","background-position":"center center","background-size":"auto","background-attachment":"scroll","background-type":"","background-media":"","overlay-type":"","overlay-color":"","overlay-opacity":"","overlay-gradient":""},"tablet":{"background-color":"","background-image":"","background-repeat":"repeat","background-position":"center center","background-size":"auto","background-attachment":"scroll","background-type":"","background-media":"","overlay-type":"","overlay-color":"","overlay-opacity":"","overlay-gradient":""},"mobile":{"background-color":"","background-image":"","background-repeat":"repeat","background-position":"center center","background-size":"auto","background-attachment":"scroll","background-type":"","background-media":"","overlay-type":"","overlay-color":"","overlay-opacity":"","overlay-gradient":""}},"ast-content-background-meta":{"desktop":{"background-color":"var(--ast-global-color-5)","background-image":"","background-repeat":"repeat","background-position":"center center","background-size":"auto","background-attachment":"scroll","background-type":"","background-media":"","overlay-type":"","overlay-color":"","overlay-opacity":"","overlay-gradient":""},"tablet":{"background-color":"var(--ast-global-color-5)","background-image":"","background-repeat":"repeat","background-position":"center center","background-size":"auto","background-attachment":"scroll","background-type":"","background-media":"","overlay-type":"","overlay-color":"","overlay-opacity":"","overlay-gradient":""},"mobile":{"background-color":"var(--ast-global-color-5)","background-image":"","background-repeat":"repeat","background-position":"center center","background-size":"auto","background-attachment":"scroll","background-type":"","background-media":"","overlay-type":"","overlay-color":"","overlay-opacity":"","overlay-gradient":""}},"footnotes":""},"class_list":["post-14359","page","type-page","status-publish","hentry"],"_links":{"self":[{"href":"https:\/\/lyongeologie.fr\/en\/wp-json\/wp\/v2\/pages\/14359","targetHints":{"allow":["GET"]}}],"collection":[{"href":"https:\/\/lyongeologie.fr\/en\/wp-json\/wp\/v2\/pages"}],"about":[{"href":"https:\/\/lyongeologie.fr\/en\/wp-json\/wp\/v2\/types\/page"}],"author":[{"embeddable":true,"href":"https:\/\/lyongeologie.fr\/en\/wp-json\/wp\/v2\/users\/5"}],"replies":[{"embeddable":true,"href":"https:\/\/lyongeologie.fr\/en\/wp-json\/wp\/v2\/comments?post=14359"}],"version-history":[{"count":43,"href":"https:\/\/lyongeologie.fr\/en\/wp-json\/wp\/v2\/pages\/14359\/revisions"}],"predecessor-version":[{"id":18947,"href":"https:\/\/lyongeologie.fr\/en\/wp-json\/wp\/v2\/pages\/14359\/revisions\/18947"}],"up":[{"embeddable":true,"href":"https:\/\/lyongeologie.fr\/en\/wp-json\/wp\/v2\/pages\/14219"}],"wp:attachment":[{"href":"https:\/\/lyongeologie.fr\/en\/wp-json\/wp\/v2\/media?parent=14359"}],"curies":[{"name":"wp","href":"https:\/\/api.w.org\/{rel}","templated":true}]}}