{"id":14099,"date":"2022-02-28T10:57:02","date_gmt":"2022-02-28T09:57:02","guid":{"rendered":"https:\/\/lyon-geologie.univ-lyon1.fr\/?page_id=14099"},"modified":"2022-02-28T11:15:45","modified_gmt":"2022-02-28T10:15:45","slug":"tem-grosjean","status":"publish","type":"page","link":"https:\/\/lyongeologie.fr\/en\/temoignages\/tem-grosjean\/","title":{"rendered":"Portrait Anne-Sabine G."},"content":{"rendered":"<div data-elementor-type=\"wp-page\" data-elementor-id=\"14099\" class=\"elementor elementor-14099\">\n\t\t\t\t\t\t<section class=\"elementor-section elementor-top-section elementor-element elementor-element-53766107 elementor-section-boxed elementor-section-height-default elementor-section-height-default\" data-id=\"53766107\" data-element_type=\"section\" data-e-type=\"section\">\n\t\t\t\t\t\t<div class=\"elementor-container elementor-column-gap-default\">\n\t\t\t\t\t<div class=\"elementor-column elementor-col-33 elementor-top-column elementor-element elementor-element-531aab04\" data-id=\"531aab04\" data-element_type=\"column\" data-e-type=\"column\">\n\t\t\t<div class=\"elementor-widget-wrap elementor-element-populated\">\n\t\t\t\t\t\t<div class=\"elementor-element elementor-element-79a11cc8 elementor-widget elementor-widget-heading\" data-id=\"79a11cc8\" data-element_type=\"widget\" data-e-type=\"widget\" data-widget_type=\"heading.default\">\n\t\t\t\t<div class=\"elementor-widget-container\">\n\t\t\t\t\t<h3 class=\"elementor-heading-title elementor-size-default\">Anne-Sabine Grosjean<\/h3>\t\t\t\t<\/div>\n\t\t\t\t<\/div>\n\t\t\t\t\t<\/div>\n\t\t<\/div>\n\t\t\t\t<div class=\"elementor-column elementor-col-66 elementor-top-column elementor-element elementor-element-7452ffd0\" data-id=\"7452ffd0\" data-element_type=\"column\" data-e-type=\"column\">\n\t\t\t<div class=\"elementor-widget-wrap elementor-element-populated\">\n\t\t\t\t\t\t<div class=\"elementor-element elementor-element-4fb30bc9 elementor-widget elementor-widget-heading\" data-id=\"4fb30bc9\" data-element_type=\"widget\" data-e-type=\"widget\" data-widget_type=\"heading.default\">\n\t\t\t\t<div class=\"elementor-widget-container\">\n\t\t\t\t\t<h3 class=\"elementor-heading-title elementor-size-default\"><i>Coordinatrice Immersion Professionnelle<\/i><\/h3>\t\t\t\t<\/div>\n\t\t\t\t<\/div>\n\t\t\t\t\t<\/div>\n\t\t<\/div>\n\t\t\t\t\t<\/div>\n\t\t<\/section>\n\t\t\t\t<section class=\"elementor-section elementor-top-section elementor-element elementor-element-67e77d24 elementor-section-boxed elementor-section-height-default elementor-section-height-default\" data-id=\"67e77d24\" data-element_type=\"section\" data-e-type=\"section\">\n\t\t\t\t\t\t<div class=\"elementor-container elementor-column-gap-default\">\n\t\t\t\t\t<div class=\"elementor-column elementor-col-33 elementor-top-column elementor-element elementor-element-784dbd64\" data-id=\"784dbd64\" data-element_type=\"column\" data-e-type=\"column\">\n\t\t\t<div class=\"elementor-widget-wrap elementor-element-populated\">\n\t\t\t\t\t\t<div class=\"elementor-element elementor-element-73296679 elementor-widget elementor-widget-image\" data-id=\"73296679\" data-element_type=\"widget\" data-e-type=\"widget\" data-widget_type=\"image.default\">\n\t\t\t\t<div class=\"elementor-widget-container\">\n\t\t\t\t\t\t\t\t\t\t\t\t<figure class=\"wp-caption\">\n\t\t\t\t\t\t\t\t\t\t\t<a href=\"https:\/\/www.linkedin.com\/in\/anne-sabine-grosjean-508a7944\/\">\n\t\t\t\t\t\t\t<img decoding=\"async\" width=\"200\" height=\"200\" src=\"https:\/\/lyongeologie.fr\/wp-content\/uploads\/2022\/02\/as_grosjean.png\" class=\"attachment-large size-large wp-image-14103\" alt=\"\" srcset=\"https:\/\/lyongeologie.fr\/wp-content\/uploads\/2022\/02\/as_grosjean.png 200w, https:\/\/lyongeologie.fr\/wp-content\/uploads\/2022\/02\/as_grosjean-150x150.png 150w\" sizes=\"(max-width: 200px) 100vw, 200px\" \/>\t\t\t\t\t\t\t\t<\/a>\n\t\t\t\t\t\t\t\t\t\t\t<figcaption class=\"widget-image-caption wp-caption-text\"><a href=\"https:\/\/www.linkedin.com\/in\/anne-sabine-grosjean-508a7944\/\">Son profil LinkedIn<\/a><\/figcaption>\n\t\t\t\t\t\t\t\t\t\t<\/figure>\n\t\t\t\t\t\t\t\t\t<\/div>\n\t\t\t\t<\/div>\n\t\t\t\t<div class=\"elementor-element elementor-element-413baa3a elementor-align-center elementor-widget elementor-widget-button\" data-id=\"413baa3a\" data-element_type=\"widget\" data-e-type=\"widget\" data-widget_type=\"button.default\">\n\t\t\t\t<div class=\"elementor-widget-container\">\n\t\t\t\t\t\t\t\t\t<div class=\"elementor-button-wrapper\">\n\t\t\t\t\t<a class=\"elementor-button elementor-button-link elementor-size-sm\" href=\"http:\/\/lyon-geologie.univ-lyon1.fr\/temoignages\/#tem_grosjean\">\n\t\t\t\t\t\t<span class=\"elementor-button-content-wrapper\">\n\t\t\t\t\t\t\t\t\t<span class=\"elementor-button-text\">Retour aux t\u00e9moignages<\/span>\n\t\t\t\t\t<\/span>\n\t\t\t\t\t<\/a>\n\t\t\t\t<\/div>\n\t\t\t\t\t\t\t\t<\/div>\n\t\t\t\t<\/div>\n\t\t\t\t\t<\/div>\n\t\t<\/div>\n\t\t\t\t<div class=\"elementor-column elementor-col-66 elementor-top-column elementor-element elementor-element-17968f45\" data-id=\"17968f45\" data-element_type=\"column\" data-e-type=\"column\">\n\t\t\t<div class=\"elementor-widget-wrap elementor-element-populated\">\n\t\t\t\t\t\t<div class=\"elementor-element elementor-element-545f4cd3 elementor-widget elementor-widget-text-editor\" data-id=\"545f4cd3\" data-element_type=\"widget\" data-e-type=\"widget\" data-widget_type=\"text-editor.default\">\n\t\t\t\t<div class=\"elementor-widget-container\">\n\t\t\t\t\t\t\t\t\t<h4>Mon parcours<\/h4><ul><li><strong><span dir=\"ltr\" role=\"presentation\">2003-07: Licence G\u00e9osciences \u00e0 Lyon<\/span><\/strong><\/li><li><span dir=\"ltr\" role=\"presentation\"><strong>2007-09: Master STPE (PSP) \u00e0 Lyon<\/strong><br \/><\/span><\/li><li><span dir=\"ltr\" role=\"presentation\">2009-13: Th\u00e8se en s\u00e9dimentologie (Laboratoire de G\u00e9ologie de Lyon)<\/span><\/li><\/ul><h4><span dir=\"ltr\" role=\"presentation\">Aujourd&rsquo;hui, je suis&#8230; <\/span><\/h4><p>&#8230; coordinatrice du Bureau Immersion Professionnelle \u00e0 l\u2019\u00c9cole Centrale de Marseille. J\u2019assure la coordination et le suivi des activit\u00e9s de l\u2019\u00e9quipe, dont les missions sont centr\u00e9es sur la gestion administrative et p\u00e9dagogique des \u00e9l\u00e8ves alternants de l\u2019\u00e9cole.<\/p><p>Les g\u00e9osciences restent une passion et je prends toujours plaisir \u00e0 observer mon environnement g\u00e9ologique et \u00e0 transmettre mes connaissances au grand public.<\/p><h4>Ma formation \u00e0 Lyon<\/h4><p>La formation est exigeante et demande de l\u2019investissement personnel. Elle m\u2019a permis de me sp\u00e9cialiser progressivement vers la discipline qui allait devenir mon expertise\u00a0: la s\u00e9dimentologie. Je garde un tr\u00e8s bon souvenir de mes ann\u00e9es d\u2019\u00e9tudes \u00e0 Lyon, car les promos en g\u00e9osciences sont tr\u00e8s conviviales, l\u2019ambiance y est agr\u00e9able et il y existe un r\u00e9el esprit de groupe. J\u2019ai appris &#8211; en classe, sur le terrain, et en laboratoire &#8211; avec des enseignants passionn\u00e9s et investis dans leurs activit\u00e9s.<\/p><p>M\u00eame si mes activit\u00e9s professionnelles ne sont plus en lien avec les g\u00e9osciences, ma formation m\u2019a permis d\u2019aiguiser ma curiosit\u00e9 et d\u2019acqu\u00e9rir des comp\u00e9tences utiles au quotidien dans mon travail\u00a0; notamment l\u2019adaptabilit\u00e9, l\u2019autonomie, la gestion du temps, la multidisciplinarit\u00e9. J\u2019ai \u00e9galement appris \u00e0 transmettre (\u00e0 l\u2019\u00e9crit, comme \u00e0 l\u2019oral) et \u00e0 adapter mon discours aux interlocuteurs.<\/p><h4>Des conseils ?<\/h4><p>Mon principal conseil est d\u2019\u00eatre curieux et de se laisser le temps de d\u00e9couvrir toutes les disciplines pour trouver sa voie. Les possibilit\u00e9s offertes par la formation \u00e0 Lyon le permettent. De plus, la proximit\u00e9 du laboratoire avec les lieux d\u2019enseignement facilite selon moi les \u00e9changes avec les enseignants, il ne faut donc pas h\u00e9siter \u00e0 aller les voir: ils sauront se rendre disponibles pour r\u00e9pondre \u00e0 vos incertitudes.<\/p>\t\t\t\t\t\t\t\t<\/div>\n\t\t\t\t<\/div>\n\t\t\t\t\t<\/div>\n\t\t<\/div>\n\t\t\t\t\t<\/div>\n\t\t<\/section>\n\t\t\t\t<section class=\"elementor-section elementor-top-section elementor-element elementor-element-55bc5dfc elementor-section-boxed elementor-section-height-default elementor-section-height-default\" data-id=\"55bc5dfc\" data-element_type=\"section\" data-e-type=\"section\">\n\t\t\t\t\t\t<div class=\"elementor-container elementor-column-gap-default\">\n\t\t\t\t\t<div class=\"elementor-column elementor-col-100 elementor-top-column elementor-element elementor-element-1a5564b9\" data-id=\"1a5564b9\" data-element_type=\"column\" data-e-type=\"column\">\n\t\t\t<div class=\"elementor-widget-wrap\">\n\t\t\t\t\t\t\t<\/div>\n\t\t<\/div>\n\t\t\t\t\t<\/div>\n\t\t<\/section>\n\t\t\t\t<\/div>","protected":false},"excerpt":{"rendered":"<p>Anne-Sabine Grosjean Coordinatrice Immersion Professionnelle Son profil LinkedIn Retour aux t\u00e9moignages Mon parcours 2003-07: Licence G\u00e9osciences \u00e0 Lyon 2007-09: Master STPE (PSP) \u00e0 Lyon 2009-13: Th\u00e8se en s\u00e9dimentologie (Laboratoire de G\u00e9ologie de Lyon) Aujourd&rsquo;hui, je suis&#8230; &#8230; coordinatrice du Bureau Immersion Professionnelle \u00e0 l\u2019\u00c9cole Centrale de Marseille. J\u2019assure la coordination et le suivi des activit\u00e9s [&hellip;]<\/p>\n","protected":false},"author":7,"featured_media":0,"parent":1547,"menu_order":0,"comment_status":"closed","ping_status":"closed","template":"","meta":{"site-sidebar-layout":"no-sidebar","site-content-layout":"page-builder","ast-site-content-layout":"default","site-content-style":"default","site-sidebar-style":"default","ast-global-header-display":"","ast-banner-title-visibility":"","ast-main-header-display":"","ast-hfb-above-header-display":"","ast-hfb-below-header-display":"","ast-hfb-mobile-header-display":"","site-post-title":"disabled","ast-breadcrumbs-content":"","ast-featured-img":"disabled","footer-sml-layout":"","ast-disable-related-posts":"","theme-transparent-header-meta":"","adv-header-id-meta":"","stick-header-meta":"","header-above-stick-meta":"","header-main-stick-meta":"","header-below-stick-meta":"","astra-migrate-meta-layouts":"default","ast-page-background-enabled":"default","ast-page-background-meta":{"desktop":{"background-color":"var(--ast-global-color-4)","background-image":"","background-repeat":"repeat","background-position":"center center","background-size":"auto","background-attachment":"scroll","background-type":"","background-media":"","overlay-type":"","overlay-color":"","overlay-opacity":"","overlay-gradient":""},"tablet":{"background-color":"","background-image":"","background-repeat":"repeat","background-position":"center center","background-size":"auto","background-attachment":"scroll","background-type":"","background-media":"","overlay-type":"","overlay-color":"","overlay-opacity":"","overlay-gradient":""},"mobile":{"background-color":"","background-image":"","background-repeat":"repeat","background-position":"center center","background-size":"auto","background-attachment":"scroll","background-type":"","background-media":"","overlay-type":"","overlay-color":"","overlay-opacity":"","overlay-gradient":""}},"ast-content-background-meta":{"desktop":{"background-color":"var(--ast-global-color-5)","background-image":"","background-repeat":"repeat","background-position":"center center","background-size":"auto","background-attachment":"scroll","background-type":"","background-media":"","overlay-type":"","overlay-color":"","overlay-opacity":"","overlay-gradient":""},"tablet":{"background-color":"var(--ast-global-color-5)","background-image":"","background-repeat":"repeat","background-position":"center center","background-size":"auto","background-attachment":"scroll","background-type":"","background-media":"","overlay-type":"","overlay-color":"","overlay-opacity":"","overlay-gradient":""},"mobile":{"background-color":"var(--ast-global-color-5)","background-image":"","background-repeat":"repeat","background-position":"center center","background-size":"auto","background-attachment":"scroll","background-type":"","background-media":"","overlay-type":"","overlay-color":"","overlay-opacity":"","overlay-gradient":""}},"footnotes":""},"class_list":["post-14099","page","type-page","status-publish","hentry"],"_links":{"self":[{"href":"https:\/\/lyongeologie.fr\/en\/wp-json\/wp\/v2\/pages\/14099","targetHints":{"allow":["GET"]}}],"collection":[{"href":"https:\/\/lyongeologie.fr\/en\/wp-json\/wp\/v2\/pages"}],"about":[{"href":"https:\/\/lyongeologie.fr\/en\/wp-json\/wp\/v2\/types\/page"}],"author":[{"embeddable":true,"href":"https:\/\/lyongeologie.fr\/en\/wp-json\/wp\/v2\/users\/7"}],"replies":[{"embeddable":true,"href":"https:\/\/lyongeologie.fr\/en\/wp-json\/wp\/v2\/comments?post=14099"}],"version-history":[{"count":17,"href":"https:\/\/lyongeologie.fr\/en\/wp-json\/wp\/v2\/pages\/14099\/revisions"}],"predecessor-version":[{"id":14137,"href":"https:\/\/lyongeologie.fr\/en\/wp-json\/wp\/v2\/pages\/14099\/revisions\/14137"}],"up":[{"embeddable":true,"href":"https:\/\/lyongeologie.fr\/en\/wp-json\/wp\/v2\/pages\/1547"}],"wp:attachment":[{"href":"https:\/\/lyongeologie.fr\/en\/wp-json\/wp\/v2\/media?parent=14099"}],"curies":[{"name":"wp","href":"https:\/\/api.w.org\/{rel}","templated":true}]}}