{"id":14037,"date":"2022-02-22T21:40:52","date_gmt":"2022-02-22T20:40:52","guid":{"rendered":"https:\/\/lyon-geologie.univ-lyon1.fr\/?page_id=14037"},"modified":"2022-02-27T16:00:13","modified_gmt":"2022-02-27T15:00:13","slug":"tem-michaud","status":"publish","type":"page","link":"https:\/\/lyongeologie.fr\/en\/temoignages\/tem-michaud\/","title":{"rendered":"Portrait Audrey M.-D."},"content":{"rendered":"<div data-elementor-type=\"wp-page\" data-elementor-id=\"14037\" class=\"elementor elementor-14037\">\n\t\t\t\t\t\t<section class=\"elementor-section elementor-top-section elementor-element elementor-element-5712e5da elementor-section-boxed elementor-section-height-default elementor-section-height-default\" data-id=\"5712e5da\" data-element_type=\"section\" data-e-type=\"section\">\n\t\t\t\t\t\t<div class=\"elementor-container elementor-column-gap-default\">\n\t\t\t\t\t<div class=\"elementor-column elementor-col-33 elementor-top-column elementor-element elementor-element-330fe411\" data-id=\"330fe411\" data-element_type=\"column\" data-e-type=\"column\">\n\t\t\t<div class=\"elementor-widget-wrap elementor-element-populated\">\n\t\t\t\t\t\t<div class=\"elementor-element elementor-element-11ca8a71 elementor-widget elementor-widget-heading\" data-id=\"11ca8a71\" data-element_type=\"widget\" data-e-type=\"widget\" data-widget_type=\"heading.default\">\n\t\t\t\t<div class=\"elementor-widget-container\">\n\t\t\t\t\t<h3 class=\"elementor-heading-title elementor-size-default\">Audrey Michaud-Dubuy<\/h3>\t\t\t\t<\/div>\n\t\t\t\t<\/div>\n\t\t\t\t\t<\/div>\n\t\t<\/div>\n\t\t\t\t<div class=\"elementor-column elementor-col-66 elementor-top-column elementor-element elementor-element-27453b4a\" data-id=\"27453b4a\" data-element_type=\"column\" data-e-type=\"column\">\n\t\t\t<div class=\"elementor-widget-wrap elementor-element-populated\">\n\t\t\t\t\t\t<div class=\"elementor-element elementor-element-17e176b elementor-widget elementor-widget-heading\" data-id=\"17e176b\" data-element_type=\"widget\" data-e-type=\"widget\" data-widget_type=\"heading.default\">\n\t\t\t\t<div class=\"elementor-widget-container\">\n\t\t\t\t\t<h3 class=\"elementor-heading-title elementor-size-default\"><i>Volcanologist<\/i><\/h3>\t\t\t\t<\/div>\n\t\t\t\t<\/div>\n\t\t\t\t\t<\/div>\n\t\t<\/div>\n\t\t\t\t\t<\/div>\n\t\t<\/section>\n\t\t\t\t<section class=\"elementor-section elementor-top-section elementor-element elementor-element-6aa440dd elementor-section-boxed elementor-section-height-default elementor-section-height-default\" data-id=\"6aa440dd\" data-element_type=\"section\" data-e-type=\"section\">\n\t\t\t\t\t\t<div class=\"elementor-container elementor-column-gap-default\">\n\t\t\t\t\t<div class=\"elementor-column elementor-col-33 elementor-top-column elementor-element elementor-element-36caaade\" data-id=\"36caaade\" data-element_type=\"column\" data-e-type=\"column\">\n\t\t\t<div class=\"elementor-widget-wrap elementor-element-populated\">\n\t\t\t\t\t\t<div class=\"elementor-element elementor-element-30c1cb8c elementor-widget elementor-widget-image\" data-id=\"30c1cb8c\" data-element_type=\"widget\" data-e-type=\"widget\" data-widget_type=\"image.default\">\n\t\t\t\t<div class=\"elementor-widget-container\">\n\t\t\t\t\t\t\t\t\t\t\t\t<figure class=\"wp-caption\">\n\t\t\t\t\t\t\t\t\t\t\t<a href=\"https:\/\/www.linkedin.com\/in\/audrey-michaud-dubuy-1823aa84\/\">\n\t\t\t\t\t\t\t<img decoding=\"async\" width=\"198\" height=\"200\" src=\"https:\/\/lyongeologie.fr\/wp-content\/uploads\/2022\/02\/a_michauddubuy.png\" class=\"attachment-large size-large wp-image-14061\" alt=\"\" \/>\t\t\t\t\t\t\t\t<\/a>\n\t\t\t\t\t\t\t\t\t\t\t<figcaption class=\"widget-image-caption wp-caption-text\"><a href=\"https:\/\/www.linkedin.com\/in\/audrey-michaud-dubuy-1823aa84\/\">Son profil LinkedIn<\/a><\/figcaption>\n\t\t\t\t\t\t\t\t\t\t<\/figure>\n\t\t\t\t\t\t\t\t\t<\/div>\n\t\t\t\t<\/div>\n\t\t\t\t<div class=\"elementor-element elementor-element-540f7e79 elementor-align-center elementor-widget elementor-widget-button\" data-id=\"540f7e79\" data-element_type=\"widget\" data-e-type=\"widget\" data-widget_type=\"button.default\">\n\t\t\t\t<div class=\"elementor-widget-container\">\n\t\t\t\t\t\t\t\t\t<div class=\"elementor-button-wrapper\">\n\t\t\t\t\t<a class=\"elementor-button elementor-button-link elementor-size-sm\" href=\"http:\/\/lyon-geologie.univ-lyon1.fr\/temoignages\/#tem_michaud\">\n\t\t\t\t\t\t<span class=\"elementor-button-content-wrapper\">\n\t\t\t\t\t\t\t\t\t<span class=\"elementor-button-text\">Retour aux t\u00e9moignages<\/span>\n\t\t\t\t\t<\/span>\n\t\t\t\t\t<\/a>\n\t\t\t\t<\/div>\n\t\t\t\t\t\t\t\t<\/div>\n\t\t\t\t<\/div>\n\t\t\t\t\t<\/div>\n\t\t<\/div>\n\t\t\t\t<div class=\"elementor-column elementor-col-66 elementor-top-column elementor-element elementor-element-24e054b2\" data-id=\"24e054b2\" data-element_type=\"column\" data-e-type=\"column\">\n\t\t\t<div class=\"elementor-widget-wrap elementor-element-populated\">\n\t\t\t\t\t\t<div class=\"elementor-element elementor-element-201efe22 elementor-widget elementor-widget-text-editor\" data-id=\"201efe22\" data-element_type=\"widget\" data-e-type=\"widget\" data-widget_type=\"text-editor.default\">\n\t\t\t\t<div class=\"elementor-widget-container\">\n\t\t\t\t\t\t\t\t\t<h4>Mon parcours<\/h4>\n<ul>\n<li><span dir=\"ltr\" role=\"presentation\"><b>Licence G\u00e9osciences<\/b> <strong>\u00e0 Lyon<\/strong><\/span><\/li>\n<li><span dir=\"ltr\" role=\"presentation\">Master <\/span><em>Dynamique Terrestre et Risques Naturels<\/em>, Montpellier&nbsp;<\/li>\n<li><span dir=\"ltr\" role=\"presentation\">Th\u00e8se de volcanologie (Institut de Physique du globe de Paris)<\/span><\/li>\n<\/ul>\n<h4><span dir=\"ltr\" role=\"presentation\">Aujourd&rsquo;hui, je suis&#8230; <\/span><\/h4>\n<p>&#8230; chercheuse (post-doctorante) en volcanologie. Mon travail combine l&rsquo;\u00e9tude de d\u00e9p\u00f4ts d\u2019\u00e9ruptions volcaniques explosives \nsur le terrain (principalement \u00e0 la montagne Pel\u00e9e en Martinique), \nmod\u00e9lisation analogique en laboratoire (je simule des \u00e9ruptions \nvolcaniques dans de grandes cuves pour \u00e9tudier certains\neffets comme celui du vent sur la dynamique de la colonne \u00e9ruptive), et \nmod\u00e9lisation num\u00e9rique via des mod\u00e8les de colonne volcanique et de\n dispersion de cendres dans l\u2019atmosph\u00e8re. Les buts principaux sont de\n mieux conna\u00eetre la dynamique d&rsquo;une colonne\n\u00e9ruptive produite par une \u00e9ruption explosive (quels param\u00e8tres jouent \nsur la hauteur maximale qu\u2019elle peut atteindre dans l\u2019atmosph\u00e8re, sur \nson effondrement sur elle-m\u00eame,\u2026), la reconstruction des histoires \n\u00e9ruptives pass\u00e9es des volcans, et comment toutes\nces informations peuvent aider \u00e0 la construction de cartes d\u2019al\u00e9a \ndessinant les zones les plus susceptibles d\u2019\u00eatre impact\u00e9es par une \nfuture \u00e9ruption. Le quotidien d\u2019un volcanologue c\u2019est donc un peu de \nterrain (environ 1-2 mois par an), beaucoup de mod\u00e9lisation\nprincipalement num\u00e9rique (la majorit\u00e9 du temps), et de l&rsquo;\u00e9criture \n(d\u2019articles, de projets\u2026). <br><\/p>\n<h4>Ma formation \u00e0 Lyon<\/h4>\n<p>La formation que j\u2019ai suivi \u00e0 Lyon m\u2019a toujours \u00e9t\u00e9 utile car j\u2019ai pu pleinement constater \u00e0 la fois en master et en doctorat qu\u2019elle avait \u00e9t\u00e9 tr\u00e8s compl\u00e8te. Que ce soit en connaissances de terrain, en g\u00e9ophysique, ou en p\u00e9trologie, la licence de g\u00e9ologie de Lyon m\u2019a permis d\u2019avoir de tr\u00e8s bonnes bases dans de multiples domaines pour la suite de mon cursus. Je n\u2019en retiens que de bons souvenirs. Les professeur.e.s ont toujours \u00e9t\u00e9 tr\u00e8s disponibles, et enclins \u00e0 nous donner des conseils \u00e9clair\u00e9s sur la suite de notre cursus. Les formations de terrain en particulier m\u2019ont marqu\u00e9e. Nous avons pu voir de nombreux contextes et pleinement appr\u00e9cier l\u2019aspect naturaliste de la g\u00e9ologie.<\/p>\n<h4>Des conseils ?<\/h4>\n<p>Aux futur.e.s \u00e9tudiant.e.s, je conseillerais de profiter pleinement des avantages de la formation lyonnaise et de choisir des stages compl\u00e9mentaires \u00e0 la formation. L\u2019avantage de la licence par exemple est que nous ne sommes pas \u00eatre encore sp\u00e9cialis\u00e9.e dans un domaine particulier des sciences de la terre. C\u2019est donc le bon moment pour ne se fermer aucune porte et prendre plusieurs options pas forc\u00e9ment li\u00e9es au premier abord (faire de la cristallographie et de la g\u00e9ophysique par exemple) afin d\u2019en tirer le maximum de connaissances.<\/p>\t\t\t\t\t\t\t\t<\/div>\n\t\t\t\t<\/div>\n\t\t\t\t\t<\/div>\n\t\t<\/div>\n\t\t\t\t\t<\/div>\n\t\t<\/section>\n\t\t\t\t<section class=\"elementor-section elementor-top-section elementor-element elementor-element-24abc437 elementor-section-boxed elementor-section-height-default elementor-section-height-default\" data-id=\"24abc437\" data-element_type=\"section\" data-e-type=\"section\">\n\t\t\t\t\t\t<div class=\"elementor-container elementor-column-gap-default\">\n\t\t\t\t\t<div class=\"elementor-column elementor-col-100 elementor-top-column elementor-element elementor-element-6966d740\" data-id=\"6966d740\" data-element_type=\"column\" data-e-type=\"column\">\n\t\t\t<div class=\"elementor-widget-wrap\">\n\t\t\t\t\t\t\t<\/div>\n\t\t<\/div>\n\t\t\t\t\t<\/div>\n\t\t<\/section>\n\t\t\t\t<\/div>","protected":false},"excerpt":{"rendered":"<p>Audrey Michaud-Dubuy Volcanologue Son profil LinkedIn Retour aux t\u00e9moignages Mon parcours Licence G\u00e9osciences \u00e0 Lyon Master Dynamique Terrestre et Risques Naturels, Montpellier&nbsp; Th\u00e8se de volcanologie (Institut de Physique du globe de Paris) Aujourd&rsquo;hui, je suis&#8230; &#8230; chercheuse (post-doctorante) en volcanologie. Mon travail combine l&rsquo;\u00e9tude de d\u00e9p\u00f4ts d\u2019\u00e9ruptions volcaniques explosives sur le terrain (principalement \u00e0 la [&hellip;]<\/p>\n","protected":false},"author":7,"featured_media":0,"parent":1547,"menu_order":0,"comment_status":"closed","ping_status":"closed","template":"","meta":{"site-sidebar-layout":"no-sidebar","site-content-layout":"page-builder","ast-site-content-layout":"default","site-content-style":"default","site-sidebar-style":"default","ast-global-header-display":"","ast-banner-title-visibility":"","ast-main-header-display":"","ast-hfb-above-header-display":"","ast-hfb-below-header-display":"","ast-hfb-mobile-header-display":"","site-post-title":"disabled","ast-breadcrumbs-content":"","ast-featured-img":"disabled","footer-sml-layout":"","ast-disable-related-posts":"","theme-transparent-header-meta":"","adv-header-id-meta":"","stick-header-meta":"","header-above-stick-meta":"","header-main-stick-meta":"","header-below-stick-meta":"","astra-migrate-meta-layouts":"default","ast-page-background-enabled":"default","ast-page-background-meta":{"desktop":{"background-color":"var(--ast-global-color-4)","background-image":"","background-repeat":"repeat","background-position":"center center","background-size":"auto","background-attachment":"scroll","background-type":"","background-media":"","overlay-type":"","overlay-color":"","overlay-opacity":"","overlay-gradient":""},"tablet":{"background-color":"","background-image":"","background-repeat":"repeat","background-position":"center center","background-size":"auto","background-attachment":"scroll","background-type":"","background-media":"","overlay-type":"","overlay-color":"","overlay-opacity":"","overlay-gradient":""},"mobile":{"background-color":"","background-image":"","background-repeat":"repeat","background-position":"center center","background-size":"auto","background-attachment":"scroll","background-type":"","background-media":"","overlay-type":"","overlay-color":"","overlay-opacity":"","overlay-gradient":""}},"ast-content-background-meta":{"desktop":{"background-color":"var(--ast-global-color-5)","background-image":"","background-repeat":"repeat","background-position":"center center","background-size":"auto","background-attachment":"scroll","background-type":"","background-media":"","overlay-type":"","overlay-color":"","overlay-opacity":"","overlay-gradient":""},"tablet":{"background-color":"var(--ast-global-color-5)","background-image":"","background-repeat":"repeat","background-position":"center center","background-size":"auto","background-attachment":"scroll","background-type":"","background-media":"","overlay-type":"","overlay-color":"","overlay-opacity":"","overlay-gradient":""},"mobile":{"background-color":"var(--ast-global-color-5)","background-image":"","background-repeat":"repeat","background-position":"center center","background-size":"auto","background-attachment":"scroll","background-type":"","background-media":"","overlay-type":"","overlay-color":"","overlay-opacity":"","overlay-gradient":""}},"footnotes":""},"class_list":["post-14037","page","type-page","status-publish","hentry"],"_links":{"self":[{"href":"https:\/\/lyongeologie.fr\/en\/wp-json\/wp\/v2\/pages\/14037","targetHints":{"allow":["GET"]}}],"collection":[{"href":"https:\/\/lyongeologie.fr\/en\/wp-json\/wp\/v2\/pages"}],"about":[{"href":"https:\/\/lyongeologie.fr\/en\/wp-json\/wp\/v2\/types\/page"}],"author":[{"embeddable":true,"href":"https:\/\/lyongeologie.fr\/en\/wp-json\/wp\/v2\/users\/7"}],"replies":[{"embeddable":true,"href":"https:\/\/lyongeologie.fr\/en\/wp-json\/wp\/v2\/comments?post=14037"}],"version-history":[{"count":20,"href":"https:\/\/lyongeologie.fr\/en\/wp-json\/wp\/v2\/pages\/14037\/revisions"}],"predecessor-version":[{"id":14097,"href":"https:\/\/lyongeologie.fr\/en\/wp-json\/wp\/v2\/pages\/14037\/revisions\/14097"}],"up":[{"embeddable":true,"href":"https:\/\/lyongeologie.fr\/en\/wp-json\/wp\/v2\/pages\/1547"}],"wp:attachment":[{"href":"https:\/\/lyongeologie.fr\/en\/wp-json\/wp\/v2\/media?parent=14037"}],"curies":[{"name":"wp","href":"https:\/\/api.w.org\/{rel}","templated":true}]}}