{"id":13931,"date":"2022-02-17T12:36:59","date_gmt":"2022-02-17T11:36:59","guid":{"rendered":"https:\/\/lyon-geologie.univ-lyon1.fr\/?page_id=13931"},"modified":"2022-02-17T16:01:00","modified_gmt":"2022-02-17T15:01:00","slug":"tem-nadin","status":"publish","type":"page","link":"https:\/\/lyongeologie.fr\/en\/temoignages\/tem-nadin\/","title":{"rendered":"Portrait Ayrton N."},"content":{"rendered":"<div data-elementor-type=\"wp-page\" data-elementor-id=\"13931\" class=\"elementor elementor-13931\">\n\t\t\t\t\t\t<section class=\"elementor-section elementor-top-section elementor-element elementor-element-2fe8d6f1 elementor-section-boxed elementor-section-height-default elementor-section-height-default\" data-id=\"2fe8d6f1\" data-element_type=\"section\" data-e-type=\"section\">\n\t\t\t\t\t\t<div class=\"elementor-container elementor-column-gap-default\">\n\t\t\t\t\t<div class=\"elementor-column elementor-col-33 elementor-top-column elementor-element elementor-element-29f7fe16\" data-id=\"29f7fe16\" data-element_type=\"column\" data-e-type=\"column\">\n\t\t\t<div class=\"elementor-widget-wrap elementor-element-populated\">\n\t\t\t\t\t\t<div class=\"elementor-element elementor-element-54467e4f elementor-widget elementor-widget-heading\" data-id=\"54467e4f\" data-element_type=\"widget\" data-e-type=\"widget\" data-widget_type=\"heading.default\">\n\t\t\t\t<div class=\"elementor-widget-container\">\n\t\t\t\t\t<h3 class=\"elementor-heading-title elementor-size-default\">Ayrton Nadin<\/h3>\t\t\t\t<\/div>\n\t\t\t\t<\/div>\n\t\t\t\t\t<\/div>\n\t\t<\/div>\n\t\t\t\t<div class=\"elementor-column elementor-col-66 elementor-top-column elementor-element elementor-element-24b99486\" data-id=\"24b99486\" data-element_type=\"column\" data-e-type=\"column\">\n\t\t\t<div class=\"elementor-widget-wrap elementor-element-populated\">\n\t\t\t\t\t\t<div class=\"elementor-element elementor-element-155284a1 elementor-widget elementor-widget-heading\" data-id=\"155284a1\" data-element_type=\"widget\" data-e-type=\"widget\" data-widget_type=\"heading.default\">\n\t\t\t\t<div class=\"elementor-widget-container\">\n\t\t\t\t\t<h3 class=\"elementor-heading-title elementor-size-default\"><i>Ing\u00e9nieur en g\u00e9omatique<\/i><\/h3>\t\t\t\t<\/div>\n\t\t\t\t<\/div>\n\t\t\t\t\t<\/div>\n\t\t<\/div>\n\t\t\t\t\t<\/div>\n\t\t<\/section>\n\t\t\t\t<section class=\"elementor-section elementor-top-section elementor-element elementor-element-33f34606 elementor-section-boxed elementor-section-height-default elementor-section-height-default\" data-id=\"33f34606\" data-element_type=\"section\" data-e-type=\"section\">\n\t\t\t\t\t\t<div class=\"elementor-container elementor-column-gap-default\">\n\t\t\t\t\t<div class=\"elementor-column elementor-col-33 elementor-top-column elementor-element elementor-element-2f68255a\" data-id=\"2f68255a\" data-element_type=\"column\" data-e-type=\"column\">\n\t\t\t<div class=\"elementor-widget-wrap elementor-element-populated\">\n\t\t\t\t\t\t<div class=\"elementor-element elementor-element-717445fa elementor-widget elementor-widget-image\" data-id=\"717445fa\" data-element_type=\"widget\" data-e-type=\"widget\" data-widget_type=\"image.default\">\n\t\t\t\t<div class=\"elementor-widget-container\">\n\t\t\t\t\t\t\t\t\t\t\t\t<figure class=\"wp-caption\">\n\t\t\t\t\t\t\t\t\t\t\t<a href=\"https:\/\/www.linkedin.com\/in\/ayrton-nadin-508222175\/\">\n\t\t\t\t\t\t\t<img decoding=\"async\" width=\"150\" height=\"150\" src=\"https:\/\/lyongeologie.fr\/wp-content\/uploads\/2022\/02\/a_nadin-150x150.png\" class=\"attachment-thumbnail size-thumbnail wp-image-13935\" alt=\"\" srcset=\"https:\/\/lyongeologie.fr\/wp-content\/uploads\/2022\/02\/a_nadin-150x150.png 150w, https:\/\/lyongeologie.fr\/wp-content\/uploads\/2022\/02\/a_nadin.png 200w\" sizes=\"(max-width: 150px) 100vw, 150px\" \/>\t\t\t\t\t\t\t\t<\/a>\n\t\t\t\t\t\t\t\t\t\t\t<figcaption class=\"widget-image-caption wp-caption-text\"><a href=\"https:\/\/www.linkedin.com\/in\/ayrton-nadin-508222175\/\">Son profil LinkedIn<\/a><\/figcaption>\n\t\t\t\t\t\t\t\t\t\t<\/figure>\n\t\t\t\t\t\t\t\t\t<\/div>\n\t\t\t\t<\/div>\n\t\t\t\t<div class=\"elementor-element elementor-element-38120c62 elementor-align-center elementor-widget elementor-widget-button\" data-id=\"38120c62\" data-element_type=\"widget\" data-e-type=\"widget\" data-widget_type=\"button.default\">\n\t\t\t\t<div class=\"elementor-widget-container\">\n\t\t\t\t\t\t\t\t\t<div class=\"elementor-button-wrapper\">\n\t\t\t\t\t<a class=\"elementor-button elementor-button-link elementor-size-sm\" href=\"http:\/\/lyon-geologie.univ-lyon1.fr\/temoignages\/#tem_nadin\">\n\t\t\t\t\t\t<span class=\"elementor-button-content-wrapper\">\n\t\t\t\t\t\t\t\t\t<span class=\"elementor-button-text\">Retour aux t\u00e9moignages<\/span>\n\t\t\t\t\t<\/span>\n\t\t\t\t\t<\/a>\n\t\t\t\t<\/div>\n\t\t\t\t\t\t\t\t<\/div>\n\t\t\t\t<\/div>\n\t\t\t\t\t<\/div>\n\t\t<\/div>\n\t\t\t\t<div class=\"elementor-column elementor-col-66 elementor-top-column elementor-element elementor-element-1a90eacd\" data-id=\"1a90eacd\" data-element_type=\"column\" data-e-type=\"column\">\n\t\t\t<div class=\"elementor-widget-wrap elementor-element-populated\">\n\t\t\t\t\t\t<div class=\"elementor-element elementor-element-2e92e142 elementor-widget elementor-widget-text-editor\" data-id=\"2e92e142\" data-element_type=\"widget\" data-e-type=\"widget\" data-widget_type=\"text-editor.default\">\n\t\t\t\t<div class=\"elementor-widget-container\">\n\t\t\t\t\t\t\t\t\t<h4>Mon parcours<\/h4><ul><li><span dir=\"ltr\" role=\"presentation\">2013-16: <strong>Licence MAG, Lyon<\/strong><\/span><\/li><li><span dir=\"ltr\" role=\"presentation\">2016-18: <strong>Master STPE parcours PSP<\/strong><\/span><strong>, Lyon<\/strong><\/li><\/ul><h4><span dir=\"ltr\" role=\"presentation\">Aujourd&rsquo;hui, je suis&#8230; <\/span><\/h4><p>&#8230; ing\u00e9nieur charg\u00e9 de projet en g\u00e9omatique. J&rsquo;op\u00e8re dans le domaine des \u00e9nergies sur un programme \u00e0 l&rsquo;\u00e9chelle nationale. Mes t\u00e2ches quotidiennes sont les suivantes: <\/p><ul><li>Manager une \u00e9quipe d\u2019ing\u00e9nieurs en SIG ;<\/li><li>R\u00e9aliser les suivis d\u2019avancement quantitatifs et qualitatifs ;<\/li><li>\u00c9laborer et am\u00e9liorer des processus d\u2019int\u00e9gration et de traitement de donn\u00e9es ;<\/li><li>D\u00e9finir les m\u00e9thodologies de contr\u00f4les de qualit\u00e9 de la donn\u00e9e ;<\/li><li>V\u00e9rifier et rectifier les contr\u00f4les de qualit\u00e9 ;<\/li><li>Contr\u00f4ler la qualit\u00e9 de mesures de g\u00e9o-d\u00e9tection ;<\/li><li>Assurer le flux d\u2019information entre les \u00e9quipes internes et externes, bureaux et terrains ainsi qu\u2019administratives et op\u00e9rationnelles ;<\/li><li>Pr\u00e9venir\/solutionner les incidents de tous types sur le projet.<\/li><\/ul><h4>Ma formation \u00e0 Lyon<\/h4><p>Sans h\u00e9sitation, ce sont l\u2019ambiance et les liens inoubliables que cr\u00e9ent les stages de terrain que je retiens le plus. Ces stages nous font travailler dans un cadre hors normes et sublime. Ce sont des condens\u00e9s de savoir complets et tr\u00e8s bien construits ! Notez bien qu\u2019ils sont aussi exigeants que plaisants.<\/p><p>En second lieu, j\u2019ai beaucoup appris gr\u00e2ce aux stages en entreprise et laboratoire. Ces immersions professionnelles ont d\u00e9velopp\u00e9 mon autonomie et ma rigueur. \u00c0 ces occasions, j\u2019ai \u00e9t\u00e9 t\u00e9moin de la qualit\u00e9 et de la richesse des enseignements du cursus g\u00e9oscience. Par la suite, tout est si simple avec notre bagage scientifique.<\/p><h4>Des conseils ?<\/h4><p>\u00c0 tous les futurs \u00e9tudiants, avant toutes choses, apprenez \u00e0 apprendre. \u00catre capable de syst\u00e9matiquement savoir o\u00f9 trouver une notion et comment se l\u2019approprier rapidement, voil\u00e0 la cl\u00e9 de l\u2019adaptabilit\u00e9 tant pris\u00e9e.<br \/>Pour vous distinguer, accentuez l\u2019apprentissage de comp\u00e9tences transverses. Devenez pluridisciplinaire et r\u00e9unissez les talents de deux (ou plus) sp\u00e9cialistes. Ainsi vous serez dans de nombreux cas la personne de la situation. Enfin, je vous invite \u00e0 travailler votre capacit\u00e9 oratoire. Lors des s\u00e9lections pour un emploi, les \u00e9l\u00e9ments qui auront cr\u00e9\u00e9 de la confiance avec les recruteurs et qui les auront rassur\u00e9s s\u2019assureront d\u2019\u00eatre retenus.<br \/><br \/>Les g\u00e9osciences sont la porte d\u2019entr\u00e9e vers des m\u00e9tiers anciens qui ont prouv\u00e9 leur n\u00e9cessit\u00e9 (cartographie et min\u00e9ralogie), actuels qui font bouger le monde (BTP et \u00c9nergies) et d\u2019avenirs qui assureront notre p\u00e9rennit\u00e9 (Environnement et Recherche). Vous trouverez sans peine votre place dans ce vaste domaine tr\u00e8s prometteur.<\/p>\t\t\t\t\t\t\t\t<\/div>\n\t\t\t\t<\/div>\n\t\t\t\t\t<\/div>\n\t\t<\/div>\n\t\t\t\t\t<\/div>\n\t\t<\/section>\n\t\t\t\t<section class=\"elementor-section elementor-top-section elementor-element elementor-element-4b089b13 elementor-section-boxed elementor-section-height-default elementor-section-height-default\" data-id=\"4b089b13\" data-element_type=\"section\" data-e-type=\"section\">\n\t\t\t\t\t\t<div class=\"elementor-container elementor-column-gap-default\">\n\t\t\t\t\t<div class=\"elementor-column elementor-col-100 elementor-top-column elementor-element elementor-element-45e57bb4\" data-id=\"45e57bb4\" data-element_type=\"column\" data-e-type=\"column\">\n\t\t\t<div class=\"elementor-widget-wrap\">\n\t\t\t\t\t\t\t<\/div>\n\t\t<\/div>\n\t\t\t\t\t<\/div>\n\t\t<\/section>\n\t\t\t\t<\/div>","protected":false},"excerpt":{"rendered":"<p>Ayrton Nadin Ing\u00e9nieur en g\u00e9omatique Son profil LinkedIn Retour aux t\u00e9moignages Mon parcours 2013-16: Licence MAG, Lyon 2016-18: Master STPE parcours PSP, Lyon Aujourd&rsquo;hui, je suis&#8230; &#8230; ing\u00e9nieur charg\u00e9 de projet en g\u00e9omatique. J&rsquo;op\u00e8re dans le domaine des \u00e9nergies sur un programme \u00e0 l&rsquo;\u00e9chelle nationale. Mes t\u00e2ches quotidiennes sont les suivantes: Manager une \u00e9quipe d\u2019ing\u00e9nieurs [&hellip;]<\/p>\n","protected":false},"author":7,"featured_media":0,"parent":1547,"menu_order":0,"comment_status":"closed","ping_status":"closed","template":"","meta":{"site-sidebar-layout":"no-sidebar","site-content-layout":"page-builder","ast-site-content-layout":"default","site-content-style":"default","site-sidebar-style":"default","ast-global-header-display":"","ast-banner-title-visibility":"","ast-main-header-display":"","ast-hfb-above-header-display":"","ast-hfb-below-header-display":"","ast-hfb-mobile-header-display":"","site-post-title":"disabled","ast-breadcrumbs-content":"","ast-featured-img":"disabled","footer-sml-layout":"","ast-disable-related-posts":"","theme-transparent-header-meta":"","adv-header-id-meta":"","stick-header-meta":"","header-above-stick-meta":"","header-main-stick-meta":"","header-below-stick-meta":"","astra-migrate-meta-layouts":"default","ast-page-background-enabled":"default","ast-page-background-meta":{"desktop":{"background-color":"var(--ast-global-color-4)","background-image":"","background-repeat":"repeat","background-position":"center center","background-size":"auto","background-attachment":"scroll","background-type":"","background-media":"","overlay-type":"","overlay-color":"","overlay-opacity":"","overlay-gradient":""},"tablet":{"background-color":"","background-image":"","background-repeat":"repeat","background-position":"center center","background-size":"auto","background-attachment":"scroll","background-type":"","background-media":"","overlay-type":"","overlay-color":"","overlay-opacity":"","overlay-gradient":""},"mobile":{"background-color":"","background-image":"","background-repeat":"repeat","background-position":"center center","background-size":"auto","background-attachment":"scroll","background-type":"","background-media":"","overlay-type":"","overlay-color":"","overlay-opacity":"","overlay-gradient":""}},"ast-content-background-meta":{"desktop":{"background-color":"var(--ast-global-color-5)","background-image":"","background-repeat":"repeat","background-position":"center center","background-size":"auto","background-attachment":"scroll","background-type":"","background-media":"","overlay-type":"","overlay-color":"","overlay-opacity":"","overlay-gradient":""},"tablet":{"background-color":"var(--ast-global-color-5)","background-image":"","background-repeat":"repeat","background-position":"center center","background-size":"auto","background-attachment":"scroll","background-type":"","background-media":"","overlay-type":"","overlay-color":"","overlay-opacity":"","overlay-gradient":""},"mobile":{"background-color":"var(--ast-global-color-5)","background-image":"","background-repeat":"repeat","background-position":"center center","background-size":"auto","background-attachment":"scroll","background-type":"","background-media":"","overlay-type":"","overlay-color":"","overlay-opacity":"","overlay-gradient":""}},"footnotes":""},"class_list":["post-13931","page","type-page","status-publish","hentry"],"_links":{"self":[{"href":"https:\/\/lyongeologie.fr\/en\/wp-json\/wp\/v2\/pages\/13931","targetHints":{"allow":["GET"]}}],"collection":[{"href":"https:\/\/lyongeologie.fr\/en\/wp-json\/wp\/v2\/pages"}],"about":[{"href":"https:\/\/lyongeologie.fr\/en\/wp-json\/wp\/v2\/types\/page"}],"author":[{"embeddable":true,"href":"https:\/\/lyongeologie.fr\/en\/wp-json\/wp\/v2\/users\/7"}],"replies":[{"embeddable":true,"href":"https:\/\/lyongeologie.fr\/en\/wp-json\/wp\/v2\/comments?post=13931"}],"version-history":[{"count":8,"href":"https:\/\/lyongeologie.fr\/en\/wp-json\/wp\/v2\/pages\/13931\/revisions"}],"predecessor-version":[{"id":13973,"href":"https:\/\/lyongeologie.fr\/en\/wp-json\/wp\/v2\/pages\/13931\/revisions\/13973"}],"up":[{"embeddable":true,"href":"https:\/\/lyongeologie.fr\/en\/wp-json\/wp\/v2\/pages\/1547"}],"wp:attachment":[{"href":"https:\/\/lyongeologie.fr\/en\/wp-json\/wp\/v2\/media?parent=13931"}],"curies":[{"name":"wp","href":"https:\/\/api.w.org\/{rel}","templated":true}]}}