{"id":16577,"date":"2023-01-27T10:33:46","date_gmt":"2023-01-27T09:33:46","guid":{"rendered":"https:\/\/lyongeologie.fr\/?page_id=16577"},"modified":"2023-01-27T10:57:50","modified_gmt":"2023-01-27T09:57:50","slug":"tem-bonnet","status":"publish","type":"page","link":"http:\/\/lyongeologie.fr\/en\/temoignages\/tem-bonnet\/","title":{"rendered":"Portrait Fiona B."},"content":{"rendered":"<div data-elementor-type=\"wp-page\" data-elementor-id=\"16577\" class=\"elementor elementor-16577\">\n\t\t\t\t\t\t<section class=\"elementor-section elementor-top-section elementor-element elementor-element-a33d29c elementor-section-boxed elementor-section-height-default elementor-section-height-default\" data-id=\"a33d29c\" data-element_type=\"section\" data-e-type=\"section\">\n\t\t\t\t\t\t<div class=\"elementor-container elementor-column-gap-default\">\n\t\t\t\t\t<div class=\"elementor-column elementor-col-33 elementor-top-column elementor-element elementor-element-187958e8\" data-id=\"187958e8\" data-element_type=\"column\" data-e-type=\"column\">\n\t\t\t<div class=\"elementor-widget-wrap elementor-element-populated\">\n\t\t\t\t\t\t<div class=\"elementor-element elementor-element-2cf7863e elementor-widget elementor-widget-heading\" data-id=\"2cf7863e\" data-element_type=\"widget\" data-e-type=\"widget\" data-widget_type=\"heading.default\">\n\t\t\t\t<div class=\"elementor-widget-container\">\n\t\t\t\t\t<h3 class=\"elementor-heading-title elementor-size-default\">Fiona Bonnet<\/h3>\t\t\t\t<\/div>\n\t\t\t\t<\/div>\n\t\t\t\t\t<\/div>\n\t\t<\/div>\n\t\t\t\t<div class=\"elementor-column elementor-col-66 elementor-top-column elementor-element elementor-element-18500206\" data-id=\"18500206\" data-element_type=\"column\" data-e-type=\"column\">\n\t\t\t<div class=\"elementor-widget-wrap elementor-element-populated\">\n\t\t\t\t\t\t<div class=\"elementor-element elementor-element-57127674 elementor-widget elementor-widget-heading\" data-id=\"57127674\" data-element_type=\"widget\" data-e-type=\"widget\" data-widget_type=\"heading.default\">\n\t\t\t\t<div class=\"elementor-widget-container\">\n\t\t\t\t\t<h3 class=\"elementor-heading-title elementor-size-default\"><i>Officier \u00c9nergie (marine nationale)<\/i><\/h3>\t\t\t\t<\/div>\n\t\t\t\t<\/div>\n\t\t\t\t\t<\/div>\n\t\t<\/div>\n\t\t\t\t\t<\/div>\n\t\t<\/section>\n\t\t\t\t<section class=\"elementor-section elementor-top-section elementor-element elementor-element-57ce360a elementor-section-boxed elementor-section-height-default elementor-section-height-default\" data-id=\"57ce360a\" data-element_type=\"section\" data-e-type=\"section\">\n\t\t\t\t\t\t<div class=\"elementor-container elementor-column-gap-default\">\n\t\t\t\t\t<div class=\"elementor-column elementor-col-33 elementor-top-column elementor-element elementor-element-131d176b\" data-id=\"131d176b\" data-element_type=\"column\" data-e-type=\"column\">\n\t\t\t<div class=\"elementor-widget-wrap elementor-element-populated\">\n\t\t\t\t\t\t<div class=\"elementor-element elementor-element-5ef911d elementor-widget elementor-widget-image\" data-id=\"5ef911d\" data-element_type=\"widget\" data-e-type=\"widget\" data-widget_type=\"image.default\">\n\t\t\t\t<div class=\"elementor-widget-container\">\n\t\t\t\t\t\t\t\t\t\t\t\t<figure class=\"wp-caption\">\n\t\t\t\t\t\t\t\t\t\t\t<a href=\"https:\/\/www.linkedin.com\/in\/fiona-bonnet-772861187\/\">\n\t\t\t\t\t\t\t<img decoding=\"async\" width=\"200\" height=\"200\" src=\"https:\/\/lyongeologie.fr\/wp-content\/uploads\/2023\/01\/bonnet.png\" class=\"attachment-large size-large wp-image-16595\" alt=\"\" srcset=\"https:\/\/lyongeologie.fr\/wp-content\/uploads\/2023\/01\/bonnet.png 200w, https:\/\/lyongeologie.fr\/wp-content\/uploads\/2023\/01\/bonnet-150x150.png 150w, https:\/\/lyongeologie.fr\/wp-content\/uploads\/2023\/01\/bonnet-12x12.png 12w\" sizes=\"(max-width: 200px) 100vw, 200px\" \/>\t\t\t\t\t\t\t\t<\/a>\n\t\t\t\t\t\t\t\t\t\t\t<figcaption class=\"widget-image-caption wp-caption-text\"><a href=\"https:\/\/www.linkedin.com\/in\/fiona-bonnet-772861187\/\">Son profil LinkedIn<\/a><\/figcaption>\n\t\t\t\t\t\t\t\t\t\t<\/figure>\n\t\t\t\t\t\t\t\t\t<\/div>\n\t\t\t\t<\/div>\n\t\t\t\t<div class=\"elementor-element elementor-element-45fb065e elementor-align-center elementor-widget elementor-widget-button\" data-id=\"45fb065e\" data-element_type=\"widget\" data-e-type=\"widget\" data-widget_type=\"button.default\">\n\t\t\t\t<div class=\"elementor-widget-container\">\n\t\t\t\t\t\t\t\t\t<div class=\"elementor-button-wrapper\">\n\t\t\t\t\t<a class=\"elementor-button elementor-button-link elementor-size-sm\" href=\"http:\/\/lyon-geologie.univ-lyon1.fr\/temoignages\/#tem_bonnet\">\n\t\t\t\t\t\t<span class=\"elementor-button-content-wrapper\">\n\t\t\t\t\t\t\t\t\t<span class=\"elementor-button-text\">Retour aux t\u00e9moignages<\/span>\n\t\t\t\t\t<\/span>\n\t\t\t\t\t<\/a>\n\t\t\t\t<\/div>\n\t\t\t\t\t\t\t\t<\/div>\n\t\t\t\t<\/div>\n\t\t\t\t\t<\/div>\n\t\t<\/div>\n\t\t\t\t<div class=\"elementor-column elementor-col-66 elementor-top-column elementor-element elementor-element-39fbceb3\" data-id=\"39fbceb3\" data-element_type=\"column\" data-e-type=\"column\">\n\t\t\t<div class=\"elementor-widget-wrap elementor-element-populated\">\n\t\t\t\t\t\t<div class=\"elementor-element elementor-element-14e4303a elementor-widget elementor-widget-text-editor\" data-id=\"14e4303a\" data-element_type=\"widget\" data-e-type=\"widget\" data-widget_type=\"text-editor.default\">\n\t\t\t\t<div class=\"elementor-widget-container\">\n\t\t\t\t\t\t\t\t\t<h4>Mon parcours<\/h4><ul><li><span dir=\"ltr\" role=\"presentation\">2015-17: Classes pr\u00e9paratoires BCPST<\/span><\/li><li><span dir=\"ltr\" role=\"presentation\">2017-18:<\/span><strong><span dir=\"ltr\" role=\"presentation\"> Licence G\u00e9osciences \u00e0 Lyon<\/span><\/strong><\/li><li><span dir=\"ltr\" role=\"presentation\">2018-20:<strong> Master STPE \u00e0 Lyon<\/strong><br \/><\/span><\/li><\/ul><h4><span dir=\"ltr\" role=\"presentation\">Aujourd&rsquo;hui, je suis&#8230; <\/span><\/h4><p>&#8230;chef de service embarqu\u00e9 sur un sous-marin \u00e0 Brest, fili\u00e8re \u00c9nergie. Cela consiste \u00e0 diriger des \u00e9quipes pour assurer le fonctionnement du bateau \/ sous-marin, notamment les diff\u00e9rents types de propulsion (\u00e9lectrique, thermique, nucl\u00e9aire) et autres installations. <\/p><p>En 2024, j&rsquo;ai pour projet de suivre une formation d&rsquo;ing\u00e9nieure \u00e0 l&rsquo;<span lang=\"fr\">\u00c9cole des applications militaires de l&rsquo;\u00e9nergie atomique (EAMEA) de Cherbourg.<\/span><\/p><h4>Ma formation \u00e0 Lyon<\/h4><p>La formation par la recherche m\u2019a permis d\u2019avoir un esprit critique et d\u2019avoir l\u2019\u0153il curieux, ce qui est important pour suivre et diriger une \u00e9quipe. La formation en G\u00e9osciences est en soi pluridisciplinaire, et couvre de nombreux aspects de la g\u00e9ologie. A Lyon, vous aurez ainsi la possibilit\u00e9 de toucher \u00e0 de nombreuses sp\u00e9cialit\u00e9s de cette discipline. La formation propose de nombreux terrains, ce qui est une chance. Les nombreux laboratoires et machines de la r\u00e9gion permettent \u00e9galement de faire de nombreuses analyses vari\u00e9es, ce qui est une vraie plus-value \u00e0 la formation individuelle des \u00e9l\u00e8ves qui s\u2019en donnent les moyens.<\/p>\t\t\t\t\t\t\t\t<\/div>\n\t\t\t\t<\/div>\n\t\t\t\t\t<\/div>\n\t\t<\/div>\n\t\t\t\t\t<\/div>\n\t\t<\/section>\n\t\t\t\t<section class=\"elementor-section elementor-top-section elementor-element elementor-element-459c3f2b elementor-section-boxed elementor-section-height-default elementor-section-height-default\" data-id=\"459c3f2b\" data-element_type=\"section\" data-e-type=\"section\">\n\t\t\t\t\t\t<div class=\"elementor-container elementor-column-gap-default\">\n\t\t\t\t\t<div class=\"elementor-column elementor-col-100 elementor-top-column elementor-element elementor-element-27eed22f\" data-id=\"27eed22f\" data-element_type=\"column\" data-e-type=\"column\">\n\t\t\t<div class=\"elementor-widget-wrap\">\n\t\t\t\t\t\t\t<\/div>\n\t\t<\/div>\n\t\t\t\t\t<\/div>\n\t\t<\/section>\n\t\t\t\t<\/div>","protected":false},"excerpt":{"rendered":"<p>Fiona Bonnet Officier \u00c9nergie (marine nationale) Son profil LinkedIn Retour aux t\u00e9moignages Mon parcours 2015-17: Classes pr\u00e9paratoires BCPST 2017-18: Licence G\u00e9osciences \u00e0 Lyon 2018-20: Master STPE \u00e0 Lyon Aujourd&rsquo;hui, je suis&#8230; &#8230;chef de service embarqu\u00e9 sur un sous-marin \u00e0 Brest, fili\u00e8re \u00c9nergie. Cela consiste \u00e0 diriger des \u00e9quipes pour assurer le fonctionnement du bateau \/ [&hellip;]<\/p>\n","protected":false},"author":7,"featured_media":0,"parent":1547,"menu_order":0,"comment_status":"closed","ping_status":"closed","template":"","meta":{"site-sidebar-layout":"no-sidebar","site-content-layout":"page-builder","ast-site-content-layout":"default","site-content-style":"default","site-sidebar-style":"default","ast-global-header-display":"","ast-banner-title-visibility":"","ast-main-header-display":"","ast-hfb-above-header-display":"","ast-hfb-below-header-display":"","ast-hfb-mobile-header-display":"","site-post-title":"disabled","ast-breadcrumbs-content":"","ast-featured-img":"disabled","footer-sml-layout":"","ast-disable-related-posts":"","theme-transparent-header-meta":"","adv-header-id-meta":"","stick-header-meta":"","header-above-stick-meta":"","header-main-stick-meta":"","header-below-stick-meta":"","astra-migrate-meta-layouts":"default","ast-page-background-enabled":"default","ast-page-background-meta":{"desktop":{"background-color":"var(--ast-global-color-4)","background-image":"","background-repeat":"repeat","background-position":"center center","background-size":"auto","background-attachment":"scroll","background-type":"","background-media":"","overlay-type":"","overlay-color":"","overlay-opacity":"","overlay-gradient":""},"tablet":{"background-color":"","background-image":"","background-repeat":"repeat","background-position":"center center","background-size":"auto","background-attachment":"scroll","background-type":"","background-media":"","overlay-type":"","overlay-color":"","overlay-opacity":"","overlay-gradient":""},"mobile":{"background-color":"","background-image":"","background-repeat":"repeat","background-position":"center center","background-size":"auto","background-attachment":"scroll","background-type":"","background-media":"","overlay-type":"","overlay-color":"","overlay-opacity":"","overlay-gradient":""}},"ast-content-background-meta":{"desktop":{"background-color":"var(--ast-global-color-5)","background-image":"","background-repeat":"repeat","background-position":"center center","background-size":"auto","background-attachment":"scroll","background-type":"","background-media":"","overlay-type":"","overlay-color":"","overlay-opacity":"","overlay-gradient":""},"tablet":{"background-color":"var(--ast-global-color-5)","background-image":"","background-repeat":"repeat","background-position":"center center","background-size":"auto","background-attachment":"scroll","background-type":"","background-media":"","overlay-type":"","overlay-color":"","overlay-opacity":"","overlay-gradient":""},"mobile":{"background-color":"var(--ast-global-color-5)","background-image":"","background-repeat":"repeat","background-position":"center center","background-size":"auto","background-attachment":"scroll","background-type":"","background-media":"","overlay-type":"","overlay-color":"","overlay-opacity":"","overlay-gradient":""}},"footnotes":""},"class_list":["post-16577","page","type-page","status-publish","hentry"],"_links":{"self":[{"href":"http:\/\/lyongeologie.fr\/en\/wp-json\/wp\/v2\/pages\/16577","targetHints":{"allow":["GET"]}}],"collection":[{"href":"http:\/\/lyongeologie.fr\/en\/wp-json\/wp\/v2\/pages"}],"about":[{"href":"http:\/\/lyongeologie.fr\/en\/wp-json\/wp\/v2\/types\/page"}],"author":[{"embeddable":true,"href":"http:\/\/lyongeologie.fr\/en\/wp-json\/wp\/v2\/users\/7"}],"replies":[{"embeddable":true,"href":"http:\/\/lyongeologie.fr\/en\/wp-json\/wp\/v2\/comments?post=16577"}],"version-history":[{"count":10,"href":"http:\/\/lyongeologie.fr\/en\/wp-json\/wp\/v2\/pages\/16577\/revisions"}],"predecessor-version":[{"id":16621,"href":"http:\/\/lyongeologie.fr\/en\/wp-json\/wp\/v2\/pages\/16577\/revisions\/16621"}],"up":[{"embeddable":true,"href":"http:\/\/lyongeologie.fr\/en\/wp-json\/wp\/v2\/pages\/1547"}],"wp:attachment":[{"href":"http:\/\/lyongeologie.fr\/en\/wp-json\/wp\/v2\/media?parent=16577"}],"curies":[{"name":"wp","href":"https:\/\/api.w.org\/{rel}","templated":true}]}}