{"id":14599,"date":"2022-03-18T13:35:54","date_gmt":"2022-03-18T12:35:54","guid":{"rendered":"https:\/\/lyon-geologie.univ-lyon1.fr\/?page_id=14599"},"modified":"2023-01-27T10:30:25","modified_gmt":"2023-01-27T09:30:25","slug":"tem-chollet","status":"publish","type":"page","link":"http:\/\/lyongeologie.fr\/en\/temoignages\/tem-chollet\/","title":{"rendered":"Portrait M\u00e9lanie C."},"content":{"rendered":"<div data-elementor-type=\"wp-page\" data-elementor-id=\"14599\" class=\"elementor elementor-14599\">\n\t\t\t\t\t\t<section class=\"elementor-section elementor-top-section elementor-element elementor-element-62cb6209 elementor-section-boxed elementor-section-height-default elementor-section-height-default\" data-id=\"62cb6209\" data-element_type=\"section\" data-e-type=\"section\">\n\t\t\t\t\t\t<div class=\"elementor-container elementor-column-gap-default\">\n\t\t\t\t\t<div class=\"elementor-column elementor-col-33 elementor-top-column elementor-element elementor-element-5c0d5f6\" data-id=\"5c0d5f6\" data-element_type=\"column\" data-e-type=\"column\">\n\t\t\t<div class=\"elementor-widget-wrap elementor-element-populated\">\n\t\t\t\t\t\t<div class=\"elementor-element elementor-element-10f52baf elementor-widget elementor-widget-heading\" data-id=\"10f52baf\" data-element_type=\"widget\" data-e-type=\"widget\" data-widget_type=\"heading.default\">\n\t\t\t\t<div class=\"elementor-widget-container\">\n\t\t\t\t\t<h3 class=\"elementor-heading-title elementor-size-default\">M\u00e9lanie Chollet<\/h3>\t\t\t\t<\/div>\n\t\t\t\t<\/div>\n\t\t\t\t\t<\/div>\n\t\t<\/div>\n\t\t\t\t<div class=\"elementor-column elementor-col-66 elementor-top-column elementor-element elementor-element-4b475433\" data-id=\"4b475433\" data-element_type=\"column\" data-e-type=\"column\">\n\t\t\t<div class=\"elementor-widget-wrap elementor-element-populated\">\n\t\t\t\t\t\t<div class=\"elementor-element elementor-element-1f63ace1 elementor-widget elementor-widget-heading\" data-id=\"1f63ace1\" data-element_type=\"widget\" data-e-type=\"widget\" data-widget_type=\"heading.default\">\n\t\t\t\t<div class=\"elementor-widget-container\">\n\t\t\t\t\t<h3 class=\"elementor-heading-title elementor-size-default\"><i>Ing\u00e9nieure s\u00fbret\u00e9 nucl\u00e9aire<\/i><\/h3>\t\t\t\t<\/div>\n\t\t\t\t<\/div>\n\t\t\t\t\t<\/div>\n\t\t<\/div>\n\t\t\t\t\t<\/div>\n\t\t<\/section>\n\t\t\t\t<section class=\"elementor-section elementor-top-section elementor-element elementor-element-4f9f2d7d elementor-section-boxed elementor-section-height-default elementor-section-height-default\" data-id=\"4f9f2d7d\" data-element_type=\"section\" data-e-type=\"section\">\n\t\t\t\t\t\t<div class=\"elementor-container elementor-column-gap-default\">\n\t\t\t\t\t<div class=\"elementor-column elementor-col-33 elementor-top-column elementor-element elementor-element-5ec2a529\" data-id=\"5ec2a529\" data-element_type=\"column\" data-e-type=\"column\">\n\t\t\t<div class=\"elementor-widget-wrap elementor-element-populated\">\n\t\t\t\t\t\t<div class=\"elementor-element elementor-element-7da2200b elementor-widget elementor-widget-image\" data-id=\"7da2200b\" data-element_type=\"widget\" data-e-type=\"widget\" data-widget_type=\"image.default\">\n\t\t\t\t<div class=\"elementor-widget-container\">\n\t\t\t\t\t\t\t\t\t\t\t\t<figure class=\"wp-caption\">\n\t\t\t\t\t\t\t\t\t\t\t<a href=\"https:\/\/www.linkedin.com\/in\/m%C3%A9lanie-chollet-0a227166\/\">\n\t\t\t\t\t\t\t<img decoding=\"async\" width=\"200\" height=\"200\" src=\"https:\/\/lyongeologie.fr\/wp-content\/uploads\/2022\/03\/m_chollet.png\" class=\"attachment-large size-large wp-image-14603\" alt=\"\" srcset=\"https:\/\/lyongeologie.fr\/wp-content\/uploads\/2022\/03\/m_chollet.png 200w, https:\/\/lyongeologie.fr\/wp-content\/uploads\/2022\/03\/m_chollet-150x150.png 150w\" sizes=\"(max-width: 200px) 100vw, 200px\" \/>\t\t\t\t\t\t\t\t<\/a>\n\t\t\t\t\t\t\t\t\t\t\t<figcaption class=\"widget-image-caption wp-caption-text\"><a href=\"https:\/\/www.linkedin.com\/in\/m%C3%A9lanie-chollet-0a227166\/\">Son profil LinkedIn<\/a><\/figcaption>\n\t\t\t\t\t\t\t\t\t\t<\/figure>\n\t\t\t\t\t\t\t\t\t<\/div>\n\t\t\t\t<\/div>\n\t\t\t\t<div class=\"elementor-element elementor-element-1e6a138f elementor-align-center elementor-widget elementor-widget-button\" data-id=\"1e6a138f\" data-element_type=\"widget\" data-e-type=\"widget\" data-widget_type=\"button.default\">\n\t\t\t\t<div class=\"elementor-widget-container\">\n\t\t\t\t\t\t\t\t\t<div class=\"elementor-button-wrapper\">\n\t\t\t\t\t<a class=\"elementor-button elementor-button-link elementor-size-sm\" href=\"http:\/\/lyon-geologie.univ-lyon1.fr\/temoignages\/#tem_chollet\">\n\t\t\t\t\t\t<span class=\"elementor-button-content-wrapper\">\n\t\t\t\t\t\t\t\t\t<span class=\"elementor-button-text\">Retour aux t\u00e9moignages<\/span>\n\t\t\t\t\t<\/span>\n\t\t\t\t\t<\/a>\n\t\t\t\t<\/div>\n\t\t\t\t\t\t\t\t<\/div>\n\t\t\t\t<\/div>\n\t\t\t\t\t<\/div>\n\t\t<\/div>\n\t\t\t\t<div class=\"elementor-column elementor-col-66 elementor-top-column elementor-element elementor-element-1fea9fd6\" data-id=\"1fea9fd6\" data-element_type=\"column\" data-e-type=\"column\">\n\t\t\t<div class=\"elementor-widget-wrap elementor-element-populated\">\n\t\t\t\t\t\t<div class=\"elementor-element elementor-element-22fc5bd9 elementor-widget elementor-widget-text-editor\" data-id=\"22fc5bd9\" data-element_type=\"widget\" data-e-type=\"widget\" data-widget_type=\"text-editor.default\">\n\t\t\t\t<div class=\"elementor-widget-container\">\n\t\t\t\t\t\t\t\t\t<h4>Mon parcours<\/h4>\n<ul>\n<li><span dir=\"ltr\" role=\"presentation\"> 2003-04 : <strong>Licence G\u00e9osciences \u00e0 Lyon<\/strong><\/span><\/li>\n<li><span dir=\"ltr\" role=\"presentation\">2004-06 : <strong>Master STPE (parcours T&amp;P) \u00e0 Lyon<\/strong><\/span><\/li>\n<li><span dir=\"ltr\" role=\"presentation\">2006-10 : Th\u00e8se de min\u00e9ralogie exp\u00e9rimentale (Laboratoire de G\u00e9ologie de Lyon).<\/span><\/li>\n<\/ul>\n<h4><span dir=\"ltr\" role=\"presentation\">Aujourd&rsquo;hui, je suis&#8230; <\/span><\/h4>\n<p>&#8230; ing\u00e9nieure de qualification d&rsquo;\u00e9quipements nucl\u00e9aires pour le projet international de fusion ITER, en construction en Provence. Il s&rsquo;agit de s&rsquo;assurer que les \u00e9quipements n\u00e9cessaires \u00e0 la mise en s\u00fbret\u00e9 de l&rsquo;installation vis-\u00e0-vis de la population seront disponibles et fonctionnels en cas d&rsquo;accidents. Une s\u00e9quence de tests est r\u00e9alis\u00e9e (table vibrante, champs magn\u00e9tiques&#8230;) pour v\u00e9rifier le bon fonctionnement de l&rsquo;\u00e9quipement dans les conditions qu&rsquo;il subira.<\/p>\n<h4>Ma formation \u00e0 Lyon<\/h4>\n<p>Il n&rsquo;y a pas de formation sp\u00e9cifique \u00e0 mon m\u00e9tier qui requiert, entre autres, une bonne compr\u00e9hension du comportement des mat\u00e9riaux en conditions environnementales qui peuvent \u00eatre extr\u00eames. J&rsquo;ai acquis ces connaissances lors de mes \u00e9tudes en g\u00e9osciences, sur des mat\u00e9riaux naturels, certes (roches, min\u00e9raux), mais qui sont facilement transf\u00e9rables \u00e0 des aciers, polym\u00e8res ou autres r\u00e9sines. De plus, les nombreuses exp\u00e9riences \u00e0 la pointe de la technologie que j&rsquo;ai r\u00e9alis\u00e9es notamment pendant mes stages, puis ma th\u00e8se, ont \u00e9toff\u00e9 ma compr\u00e9hension des mat\u00e9riaux sous contraintes. <\/p>\n<p>De mani\u00e8re g\u00e9n\u00e9rale, la multidisciplinarit\u00e9 des g\u00e9osciences en font des \u00e9tudes des plus int\u00e9ressantes. La polyvalence des scientifiques qui les ont \u00e9tudi\u00e9es fait qu&rsquo;ils peuvent s&rsquo;adapter \u00e0 bon nombre de m\u00e9tiers. La preuve en est qu&rsquo;au cours de ma carri\u00e8re j&rsquo;ai rencontr\u00e9 nombre de g\u00e9o-scientifiques dans des domaines vari\u00e9s : parfums, s\u00fbret\u00e9 nucl\u00e9aire, management&#8230;<\/p><p>L&rsquo;universit\u00e9 de Lyon et les g\u00e9osciences \u00e0 Lyon sont bien reconnues dans \nle milieu acad\u00e9mique. C&rsquo;est une grande universit\u00e9 avec une \u00e9quipe \np\u00e9dagogique solide et disponible, et qui par ailleurs permet d&rsquo;avoir des\n contacts avec plusieurs laboratoires de recherche de domaines vari\u00e9es \n(par exemple en physique ou chimie, tr\u00e8s compl\u00e9mentaires des \ng\u00e9osciences). <\/p>\n<h4>Des conseils ?<\/h4>\n\n<p>Aujourd&rsquo;hui, on reconna\u00eet mes rigueur d&rsquo;analyse, s\u00e9rieux, go\u00fbt du travail consciencieux, qui sont des valeurs de travail transmises par mes professeurs lors de mes \u00e9tudes. <\/p>\n<p>Enfin, les g\u00e9osciences nous donnent la possibilit\u00e9 d\u2019explorer et de comprendre les \u00e9quilibres, les m\u00e9canismes, les cycles de notre plan\u00e8te (et des autres aussi d&rsquo;ailleurs). Cette appr\u00e9hension du monde qui nous entoure constitue une aide substantielle pour aborder les d\u00e9fis climatiques des ann\u00e9es \u00e0 venir, suscite de la conscience et du respect pour notre environnement.<\/p>\n<p><\/p>\t\t\t\t\t\t\t\t<\/div>\n\t\t\t\t<\/div>\n\t\t\t\t\t<\/div>\n\t\t<\/div>\n\t\t\t\t\t<\/div>\n\t\t<\/section>\n\t\t\t\t<section class=\"elementor-section elementor-top-section elementor-element elementor-element-7c680c78 elementor-section-boxed elementor-section-height-default elementor-section-height-default\" data-id=\"7c680c78\" data-element_type=\"section\" data-e-type=\"section\">\n\t\t\t\t\t\t<div class=\"elementor-container elementor-column-gap-default\">\n\t\t\t\t\t<div class=\"elementor-column elementor-col-100 elementor-top-column elementor-element elementor-element-b6db5ff\" data-id=\"b6db5ff\" data-element_type=\"column\" data-e-type=\"column\">\n\t\t\t<div class=\"elementor-widget-wrap\">\n\t\t\t\t\t\t\t<\/div>\n\t\t<\/div>\n\t\t\t\t\t<\/div>\n\t\t<\/section>\n\t\t\t\t<\/div>","protected":false},"excerpt":{"rendered":"<p>M\u00e9lanie Chollet Ing\u00e9nieure s\u00fbret\u00e9 nucl\u00e9aire Son profil LinkedIn Retour aux t\u00e9moignages Mon parcours 2003-04 : Licence G\u00e9osciences \u00e0 Lyon 2004-06 : Master STPE (parcours T&amp;P) \u00e0 Lyon 2006-10 : Th\u00e8se de min\u00e9ralogie exp\u00e9rimentale (Laboratoire de G\u00e9ologie de Lyon). Aujourd&rsquo;hui, je suis&#8230; &#8230; ing\u00e9nieure de qualification d&rsquo;\u00e9quipements nucl\u00e9aires pour le projet international de fusion ITER, en [&hellip;]<\/p>\n","protected":false},"author":7,"featured_media":0,"parent":1547,"menu_order":0,"comment_status":"closed","ping_status":"closed","template":"","meta":{"site-sidebar-layout":"no-sidebar","site-content-layout":"page-builder","ast-site-content-layout":"default","site-content-style":"default","site-sidebar-style":"default","ast-global-header-display":"","ast-banner-title-visibility":"","ast-main-header-display":"","ast-hfb-above-header-display":"","ast-hfb-below-header-display":"","ast-hfb-mobile-header-display":"","site-post-title":"disabled","ast-breadcrumbs-content":"","ast-featured-img":"disabled","footer-sml-layout":"","ast-disable-related-posts":"","theme-transparent-header-meta":"","adv-header-id-meta":"","stick-header-meta":"","header-above-stick-meta":"","header-main-stick-meta":"","header-below-stick-meta":"","astra-migrate-meta-layouts":"default","ast-page-background-enabled":"default","ast-page-background-meta":{"desktop":{"background-color":"var(--ast-global-color-4)","background-image":"","background-repeat":"repeat","background-position":"center center","background-size":"auto","background-attachment":"scroll","background-type":"","background-media":"","overlay-type":"","overlay-color":"","overlay-opacity":"","overlay-gradient":""},"tablet":{"background-color":"","background-image":"","background-repeat":"repeat","background-position":"center center","background-size":"auto","background-attachment":"scroll","background-type":"","background-media":"","overlay-type":"","overlay-color":"","overlay-opacity":"","overlay-gradient":""},"mobile":{"background-color":"","background-image":"","background-repeat":"repeat","background-position":"center center","background-size":"auto","background-attachment":"scroll","background-type":"","background-media":"","overlay-type":"","overlay-color":"","overlay-opacity":"","overlay-gradient":""}},"ast-content-background-meta":{"desktop":{"background-color":"var(--ast-global-color-5)","background-image":"","background-repeat":"repeat","background-position":"center center","background-size":"auto","background-attachment":"scroll","background-type":"","background-media":"","overlay-type":"","overlay-color":"","overlay-opacity":"","overlay-gradient":""},"tablet":{"background-color":"var(--ast-global-color-5)","background-image":"","background-repeat":"repeat","background-position":"center center","background-size":"auto","background-attachment":"scroll","background-type":"","background-media":"","overlay-type":"","overlay-color":"","overlay-opacity":"","overlay-gradient":""},"mobile":{"background-color":"var(--ast-global-color-5)","background-image":"","background-repeat":"repeat","background-position":"center center","background-size":"auto","background-attachment":"scroll","background-type":"","background-media":"","overlay-type":"","overlay-color":"","overlay-opacity":"","overlay-gradient":""}},"footnotes":""},"class_list":["post-14599","page","type-page","status-publish","hentry"],"_links":{"self":[{"href":"http:\/\/lyongeologie.fr\/en\/wp-json\/wp\/v2\/pages\/14599","targetHints":{"allow":["GET"]}}],"collection":[{"href":"http:\/\/lyongeologie.fr\/en\/wp-json\/wp\/v2\/pages"}],"about":[{"href":"http:\/\/lyongeologie.fr\/en\/wp-json\/wp\/v2\/types\/page"}],"author":[{"embeddable":true,"href":"http:\/\/lyongeologie.fr\/en\/wp-json\/wp\/v2\/users\/7"}],"replies":[{"embeddable":true,"href":"http:\/\/lyongeologie.fr\/en\/wp-json\/wp\/v2\/comments?post=14599"}],"version-history":[{"count":21,"href":"http:\/\/lyongeologie.fr\/en\/wp-json\/wp\/v2\/pages\/14599\/revisions"}],"predecessor-version":[{"id":16573,"href":"http:\/\/lyongeologie.fr\/en\/wp-json\/wp\/v2\/pages\/14599\/revisions\/16573"}],"up":[{"embeddable":true,"href":"http:\/\/lyongeologie.fr\/en\/wp-json\/wp\/v2\/pages\/1547"}],"wp:attachment":[{"href":"http:\/\/lyongeologie.fr\/en\/wp-json\/wp\/v2\/media?parent=14599"}],"curies":[{"name":"wp","href":"https:\/\/api.w.org\/{rel}","templated":true}]}}