{"id":14491,"date":"2022-03-05T11:29:03","date_gmt":"2022-03-05T10:29:03","guid":{"rendered":"https:\/\/lyon-geologie.univ-lyon1.fr\/?page_id=14491"},"modified":"2022-03-05T13:05:25","modified_gmt":"2022-03-05T12:05:25","slug":"tem-rivera","status":"publish","type":"page","link":"http:\/\/lyongeologie.fr\/en\/temoignages\/tem-rivera\/","title":{"rendered":"Portrait Lucas R."},"content":{"rendered":"<div data-elementor-type=\"wp-page\" data-elementor-id=\"14491\" class=\"elementor elementor-14491\">\n\t\t\t\t\t\t<section class=\"elementor-section elementor-top-section elementor-element elementor-element-2739d0ce elementor-section-boxed elementor-section-height-default elementor-section-height-default\" data-id=\"2739d0ce\" data-element_type=\"section\" data-e-type=\"section\">\n\t\t\t\t\t\t<div class=\"elementor-container elementor-column-gap-default\">\n\t\t\t\t\t<div class=\"elementor-column elementor-col-33 elementor-top-column elementor-element elementor-element-450e4019\" data-id=\"450e4019\" data-element_type=\"column\" data-e-type=\"column\">\n\t\t\t<div class=\"elementor-widget-wrap elementor-element-populated\">\n\t\t\t\t\t\t<div class=\"elementor-element elementor-element-18bd7cf6 elementor-widget elementor-widget-heading\" data-id=\"18bd7cf6\" data-element_type=\"widget\" data-e-type=\"widget\" data-widget_type=\"heading.default\">\n\t\t\t\t<div class=\"elementor-widget-container\">\n\t\t\t\t\t<h3 class=\"elementor-heading-title elementor-size-default\">Lucas Rivera<\/h3>\t\t\t\t<\/div>\n\t\t\t\t<\/div>\n\t\t\t\t\t<\/div>\n\t\t<\/div>\n\t\t\t\t<div class=\"elementor-column elementor-col-66 elementor-top-column elementor-element elementor-element-31a21178\" data-id=\"31a21178\" data-element_type=\"column\" data-e-type=\"column\">\n\t\t\t<div class=\"elementor-widget-wrap elementor-element-populated\">\n\t\t\t\t\t\t<div class=\"elementor-element elementor-element-24752a56 elementor-widget elementor-widget-heading\" data-id=\"24752a56\" data-element_type=\"widget\" data-e-type=\"widget\" data-widget_type=\"heading.default\">\n\t\t\t\t<div class=\"elementor-widget-container\">\n\t\t\t\t\t<h3 class=\"elementor-heading-title elementor-size-default\"><i>G\u00e9ologue ressources min\u00e9rales<\/i><\/h3>\t\t\t\t<\/div>\n\t\t\t\t<\/div>\n\t\t\t\t\t<\/div>\n\t\t<\/div>\n\t\t\t\t\t<\/div>\n\t\t<\/section>\n\t\t\t\t<section class=\"elementor-section elementor-top-section elementor-element elementor-element-3aeb78 elementor-section-boxed elementor-section-height-default elementor-section-height-default\" data-id=\"3aeb78\" data-element_type=\"section\" data-e-type=\"section\">\n\t\t\t\t\t\t<div class=\"elementor-container elementor-column-gap-default\">\n\t\t\t\t\t<div class=\"elementor-column elementor-col-33 elementor-top-column elementor-element elementor-element-52084496\" data-id=\"52084496\" data-element_type=\"column\" data-e-type=\"column\">\n\t\t\t<div class=\"elementor-widget-wrap elementor-element-populated\">\n\t\t\t\t\t\t<div class=\"elementor-element elementor-element-2937b2c elementor-widget elementor-widget-image\" data-id=\"2937b2c\" data-element_type=\"widget\" data-e-type=\"widget\" data-widget_type=\"image.default\">\n\t\t\t\t<div class=\"elementor-widget-container\">\n\t\t\t\t\t\t\t\t\t\t\t\t<figure class=\"wp-caption\">\n\t\t\t\t\t\t\t\t\t\t\t<a href=\"https:\/\/www.linkedin.com\/in\/lucas-rivera-1054a2172\/\">\n\t\t\t\t\t\t\t<img decoding=\"async\" width=\"200\" height=\"202\" src=\"https:\/\/lyongeologie.fr\/wp-content\/uploads\/2022\/03\/l_rivera.png\" class=\"attachment-large size-large wp-image-14495\" alt=\"\" \/>\t\t\t\t\t\t\t\t<\/a>\n\t\t\t\t\t\t\t\t\t\t\t<figcaption class=\"widget-image-caption wp-caption-text\"><a href=\"https:\/\/www.linkedin.com\/in\/lucas-rivera-1054a2172\/\">Son profil LinkedIn<\/a><\/figcaption>\n\t\t\t\t\t\t\t\t\t\t<\/figure>\n\t\t\t\t\t\t\t\t\t<\/div>\n\t\t\t\t<\/div>\n\t\t\t\t<div class=\"elementor-element elementor-element-68b56a47 elementor-align-center elementor-widget elementor-widget-button\" data-id=\"68b56a47\" data-element_type=\"widget\" data-e-type=\"widget\" data-widget_type=\"button.default\">\n\t\t\t\t<div class=\"elementor-widget-container\">\n\t\t\t\t\t\t\t\t\t<div class=\"elementor-button-wrapper\">\n\t\t\t\t\t<a class=\"elementor-button elementor-button-link elementor-size-sm\" href=\"http:\/\/lyon-geologie.univ-lyon1.fr\/temoignages\/#tem_rivera\">\n\t\t\t\t\t\t<span class=\"elementor-button-content-wrapper\">\n\t\t\t\t\t\t\t\t\t<span class=\"elementor-button-text\">Retour aux t\u00e9moignages<\/span>\n\t\t\t\t\t<\/span>\n\t\t\t\t\t<\/a>\n\t\t\t\t<\/div>\n\t\t\t\t\t\t\t\t<\/div>\n\t\t\t\t<\/div>\n\t\t\t\t\t<\/div>\n\t\t<\/div>\n\t\t\t\t<div class=\"elementor-column elementor-col-66 elementor-top-column elementor-element elementor-element-198835fe\" data-id=\"198835fe\" data-element_type=\"column\" data-e-type=\"column\">\n\t\t\t<div class=\"elementor-widget-wrap elementor-element-populated\">\n\t\t\t\t\t\t<div class=\"elementor-element elementor-element-6adab48 elementor-widget elementor-widget-text-editor\" data-id=\"6adab48\" data-element_type=\"widget\" data-e-type=\"widget\" data-widget_type=\"text-editor.default\">\n\t\t\t\t<div class=\"elementor-widget-container\">\n\t\t\t\t\t\t\t\t\t<h4>Mon parcours<\/h4><ul><li><strong><span dir=\"ltr\" role=\"presentation\">2014-17: Licence G\u00e9osciences \u00e0 Lyon<\/span><\/strong><\/li><li><span dir=\"ltr\" role=\"presentation\">2017-19: Master <\/span><span dir=\"ltr\" role=\"presentation\"><em><span dir=\"ltr\" style=\"left: 244.462px; top: 363.351px; font-size: 15.4662px; font-family: sans-serif; transform: scaleX(0.890451);\" role=\"presentation\">G\u00e9oressources<\/span><span dir=\"ltr\" style=\"left: 401.184px; top: 363.351px; font-size: 15.4662px; font-family: sans-serif;\" role=\"presentation\">,<\/span> <span dir=\"ltr\" style=\"left: 411.775px; top: 363.351px; font-size: 15.4662px; font-family: sans-serif; transform: scaleX(0.921496);\" role=\"presentation\">G\u00e9omat\u00e9riaux <\/span> <span dir=\"ltr\" style=\"left: 507.458px; top: 363.351px; font-size: 15.4662px; font-family: sans-serif; transform: scaleX(0.939732);\" role=\"presentation\">and <\/span> <\/em><span dir=\"ltr\" style=\"left: 526.791px; top: 363.351px; font-size: 15.4662px; font-family: sans-serif; transform: scaleX(0.913617);\" role=\"presentation\"><em>G\u00e9odynamique,<\/em> Orl\u00e9ans\/Qu\u00e9bec\/BRGM<\/span><\/span><\/li><\/ul><h4><span dir=\"ltr\" role=\"presentation\">Aujourd&rsquo;hui, je suis&#8230; <\/span><\/h4><p>&#8230; g\u00e9ologue r\u00e9gional de Guyane au sein du BRGM. Ce m\u00e9tier consiste \u00e0 \u00e9tudier tous les aspects en lien avec la g\u00e9ologie d\u2019un territoire donn\u00e9, afin d\u2019aider les pouvoirs publics et d\u2019am\u00e9liorer notre compr\u00e9hension du sous-sol. Je r\u00e9alise principalement des travaux de cartographie (prospection\u00a0 \u00abmarteau\u00bb \/ g\u00e9ophysique \/ g\u00e9ochimie etc), j\u2019\u00e9tudie les risques naturels, les ressources min\u00e9rales, la formation des profils lat\u00e9ritiques etc.<\/p><h4>Ma formation \u00e0 Lyon<\/h4><p><span dir=\"ltr\" role=\"presentation\">Mon m\u00e9tier demande par-dessus tout une grande polyvalence de connaissances. Une formation compl\u00e8te couvrant \u00e0 la fois les aspects de g\u00e9ologie endog\u00e8ne, s\u00e9dimentaire, la g\u00e9ophysique, les m\u00e9thodologies scientifiques&#8230; est donc essentielle pour bien saisir l\u2019int\u00e9gralit\u00e9 des probl\u00e9matiques \u00e0 traiter. <br \/><\/span><\/p><p><span dir=\"ltr\" role=\"presentation\">Mes ann\u00e9es d<\/span><span dir=\"ltr\" role=\"presentation\">\u2019<\/span><span dir=\"ltr\" role=\"presentation\">\u00e9tudes en g\u00e9osciences \u00e0 Lyon ont \u00e9t\u00e9 pour <\/span><span dir=\"ltr\" role=\"presentation\">moi la confirmation que la g\u00e9ologie \u00e9tait le <\/span><span dir=\"ltr\" role=\"presentation\">domaine dans lequel je voulais exercer mon m\u00e9tier. L<\/span><span dir=\"ltr\" role=\"presentation\">\u2019<\/span><span dir=\"ltr\" role=\"presentation\">\u00e9quipe enseignante m<\/span><span dir=\"ltr\" role=\"presentation\">\u2019<\/span><span dir=\"ltr\" role=\"presentation\">a r\u00e9ellement fait d\u00e9couvrir <\/span><span dir=\"ltr\" role=\"presentation\">un monde plein<\/span> <span dir=\"ltr\" role=\"presentation\">de richesses et de nombreux domaines d<\/span><span dir=\"ltr\" role=\"presentation\">\u2019<\/span><span dir=\"ltr\" role=\"presentation\">\u00e9tudes dont je n<\/span><span dir=\"ltr\" role=\"presentation\">\u2019<\/span><span dir=\"ltr\" role=\"presentation\">avais jusqu<\/span><span dir=\"ltr\" role=\"presentation\">\u2019<\/span><span dir=\"ltr\" role=\"presentation\">alors pas m\u00eame <\/span><span dir=\"ltr\" role=\"presentation\">conna<\/span><span dir=\"ltr\" role=\"presentation\">issance. La formation dispens\u00e9e \u00e0 Lyon m<\/span><span dir=\"ltr\" role=\"presentation\">\u2019<\/span><span dir=\"ltr\" role=\"presentation\">a sembl\u00e9 <\/span><span dir=\"ltr\" role=\"presentation\">extr\u00eamement compl\u00e8te, ce qui m<\/span><span dir=\"ltr\" role=\"presentation\">\u2019<\/span><span dir=\"ltr\" role=\"presentation\">a <\/span><span dir=\"ltr\" role=\"presentation\">permis<\/span> <span dir=\"ltr\" role=\"presentation\">de <\/span><span dir=\"ltr\" role=\"presentation\">tr\u00e8s facilement m<\/span><span dir=\"ltr\" role=\"presentation\">\u2019<\/span><span dir=\"ltr\" role=\"presentation\">adapter<\/span> <span dir=\"ltr\" role=\"presentation\">au niveau d<\/span><span dir=\"ltr\" role=\"presentation\">\u2019<\/span><span dir=\"ltr\" role=\"presentation\">exigences lors de mon entr\u00e9e en Master.<\/span><\/p><h4>Des conseils ?<\/h4><p>Les quelques conseils que je pourrais donner seraient de cultiver continuellement sa passion pour les g\u00e9osciences en \u00e9tant curieux et en se faisant plaisir (lire des articles, se promener et \u00e9tudier les affleurements autour de chez soi, apprendre \u00e0 reconna\u00eetre les min\u00e9raux dont on fait peut-\u00eatre collection&#8230;) et surtout de ne n\u00e9gliger aucune mati\u00e8re. Je suis aujourd\u2019hui sp\u00e9cialis\u00e9 dans les ressources min\u00e9rales (plut\u00f4t endog\u00e8nes), mais je suis constamment amen\u00e9 \u00e0 mobiliser des connaissances en g\u00e9ophysique, en informatique, en s\u00e9dimentologie, en math\u00e9matiques, en hydrog\u00e9ologie etc.\u00a0<\/p>\t\t\t\t\t\t\t\t<\/div>\n\t\t\t\t<\/div>\n\t\t\t\t\t<\/div>\n\t\t<\/div>\n\t\t\t\t\t<\/div>\n\t\t<\/section>\n\t\t\t\t<section class=\"elementor-section elementor-top-section elementor-element elementor-element-5ff0f526 elementor-section-boxed elementor-section-height-default elementor-section-height-default\" data-id=\"5ff0f526\" data-element_type=\"section\" data-e-type=\"section\">\n\t\t\t\t\t\t<div class=\"elementor-container elementor-column-gap-default\">\n\t\t\t\t\t<div class=\"elementor-column elementor-col-100 elementor-top-column elementor-element elementor-element-72a63ba3\" data-id=\"72a63ba3\" data-element_type=\"column\" data-e-type=\"column\">\n\t\t\t<div class=\"elementor-widget-wrap\">\n\t\t\t\t\t\t\t<\/div>\n\t\t<\/div>\n\t\t\t\t\t<\/div>\n\t\t<\/section>\n\t\t\t\t<\/div>","protected":false},"excerpt":{"rendered":"<p>Lucas Rivera G\u00e9ologue ressources min\u00e9rales Son profil LinkedIn Retour aux t\u00e9moignages Mon parcours 2014-17: Licence G\u00e9osciences \u00e0 Lyon 2017-19: Master G\u00e9oressources, G\u00e9omat\u00e9riaux et G\u00e9odynamique, Orl\u00e9ans\/Qu\u00e9bec\/BRGM Aujourd&rsquo;hui, je suis&#8230; &#8230; g\u00e9ologue r\u00e9gional de Guyane au sein du BRGM. Ce m\u00e9tier consiste \u00e0 \u00e9tudier tous les aspects en lien avec la g\u00e9ologie d\u2019un territoire donn\u00e9, afin d\u2019aider [&hellip;]<\/p>\n","protected":false},"author":7,"featured_media":0,"parent":1547,"menu_order":0,"comment_status":"closed","ping_status":"closed","template":"","meta":{"site-sidebar-layout":"no-sidebar","site-content-layout":"page-builder","ast-site-content-layout":"default","site-content-style":"default","site-sidebar-style":"default","ast-global-header-display":"","ast-banner-title-visibility":"","ast-main-header-display":"","ast-hfb-above-header-display":"","ast-hfb-below-header-display":"","ast-hfb-mobile-header-display":"","site-post-title":"disabled","ast-breadcrumbs-content":"","ast-featured-img":"disabled","footer-sml-layout":"","ast-disable-related-posts":"","theme-transparent-header-meta":"","adv-header-id-meta":"","stick-header-meta":"","header-above-stick-meta":"","header-main-stick-meta":"","header-below-stick-meta":"","astra-migrate-meta-layouts":"default","ast-page-background-enabled":"default","ast-page-background-meta":{"desktop":{"background-color":"var(--ast-global-color-4)","background-image":"","background-repeat":"repeat","background-position":"center center","background-size":"auto","background-attachment":"scroll","background-type":"","background-media":"","overlay-type":"","overlay-color":"","overlay-opacity":"","overlay-gradient":""},"tablet":{"background-color":"","background-image":"","background-repeat":"repeat","background-position":"center center","background-size":"auto","background-attachment":"scroll","background-type":"","background-media":"","overlay-type":"","overlay-color":"","overlay-opacity":"","overlay-gradient":""},"mobile":{"background-color":"","background-image":"","background-repeat":"repeat","background-position":"center center","background-size":"auto","background-attachment":"scroll","background-type":"","background-media":"","overlay-type":"","overlay-color":"","overlay-opacity":"","overlay-gradient":""}},"ast-content-background-meta":{"desktop":{"background-color":"var(--ast-global-color-5)","background-image":"","background-repeat":"repeat","background-position":"center center","background-size":"auto","background-attachment":"scroll","background-type":"","background-media":"","overlay-type":"","overlay-color":"","overlay-opacity":"","overlay-gradient":""},"tablet":{"background-color":"var(--ast-global-color-5)","background-image":"","background-repeat":"repeat","background-position":"center center","background-size":"auto","background-attachment":"scroll","background-type":"","background-media":"","overlay-type":"","overlay-color":"","overlay-opacity":"","overlay-gradient":""},"mobile":{"background-color":"var(--ast-global-color-5)","background-image":"","background-repeat":"repeat","background-position":"center center","background-size":"auto","background-attachment":"scroll","background-type":"","background-media":"","overlay-type":"","overlay-color":"","overlay-opacity":"","overlay-gradient":""}},"footnotes":""},"class_list":["post-14491","page","type-page","status-publish","hentry"],"_links":{"self":[{"href":"http:\/\/lyongeologie.fr\/en\/wp-json\/wp\/v2\/pages\/14491","targetHints":{"allow":["GET"]}}],"collection":[{"href":"http:\/\/lyongeologie.fr\/en\/wp-json\/wp\/v2\/pages"}],"about":[{"href":"http:\/\/lyongeologie.fr\/en\/wp-json\/wp\/v2\/types\/page"}],"author":[{"embeddable":true,"href":"http:\/\/lyongeologie.fr\/en\/wp-json\/wp\/v2\/users\/7"}],"replies":[{"embeddable":true,"href":"http:\/\/lyongeologie.fr\/en\/wp-json\/wp\/v2\/comments?post=14491"}],"version-history":[{"count":14,"href":"http:\/\/lyongeologie.fr\/en\/wp-json\/wp\/v2\/pages\/14491\/revisions"}],"predecessor-version":[{"id":14537,"href":"http:\/\/lyongeologie.fr\/en\/wp-json\/wp\/v2\/pages\/14491\/revisions\/14537"}],"up":[{"embeddable":true,"href":"http:\/\/lyongeologie.fr\/en\/wp-json\/wp\/v2\/pages\/1547"}],"wp:attachment":[{"href":"http:\/\/lyongeologie.fr\/en\/wp-json\/wp\/v2\/media?parent=14491"}],"curies":[{"name":"wp","href":"https:\/\/api.w.org\/{rel}","templated":true}]}}