{"id":13337,"date":"2022-02-14T17:21:15","date_gmt":"2022-02-14T16:21:15","guid":{"rendered":"https:\/\/lyon-geologie.univ-lyon1.fr\/?page_id=13337"},"modified":"2022-02-15T12:51:15","modified_gmt":"2022-02-15T11:51:15","slug":"tem-lutun","status":"publish","type":"page","link":"http:\/\/lyongeologie.fr\/en\/temoignages\/tem-lutun\/","title":{"rendered":"Portrait Gr\u00e9goire L."},"content":{"rendered":"<div data-elementor-type=\"wp-page\" data-elementor-id=\"13337\" class=\"elementor elementor-13337\">\n\t\t\t\t\t\t<section class=\"elementor-section elementor-top-section elementor-element elementor-element-13a4bcf8 elementor-section-boxed elementor-section-height-default elementor-section-height-default\" data-id=\"13a4bcf8\" data-element_type=\"section\" data-e-type=\"section\">\n\t\t\t\t\t\t<div class=\"elementor-container elementor-column-gap-default\">\n\t\t\t\t\t<div class=\"elementor-column elementor-col-33 elementor-top-column elementor-element elementor-element-30fedc2f\" data-id=\"30fedc2f\" data-element_type=\"column\" data-e-type=\"column\">\n\t\t\t<div class=\"elementor-widget-wrap elementor-element-populated\">\n\t\t\t\t\t\t<div class=\"elementor-element elementor-element-200741fe elementor-widget elementor-widget-heading\" data-id=\"200741fe\" data-element_type=\"widget\" data-e-type=\"widget\" data-widget_type=\"heading.default\">\n\t\t\t\t<div class=\"elementor-widget-container\">\n\t\t\t\t\t<h3 class=\"elementor-heading-title elementor-size-default\">Gr\u00e9goire Lutun<\/h3>\t\t\t\t<\/div>\n\t\t\t\t<\/div>\n\t\t\t\t\t<\/div>\n\t\t<\/div>\n\t\t\t\t<div class=\"elementor-column elementor-col-66 elementor-top-column elementor-element elementor-element-16d14180\" data-id=\"16d14180\" data-element_type=\"column\" data-e-type=\"column\">\n\t\t\t<div class=\"elementor-widget-wrap elementor-element-populated\">\n\t\t\t\t\t\t<div class=\"elementor-element elementor-element-5bd11654 elementor-widget elementor-widget-heading\" data-id=\"5bd11654\" data-element_type=\"widget\" data-e-type=\"widget\" data-widget_type=\"heading.default\">\n\t\t\t\t<div class=\"elementor-widget-container\">\n\t\t\t\t\t<h3 class=\"elementor-heading-title elementor-size-default\"><i>Ing\u00e9nieur sites et sols pollu\u00e9s<\/i><\/h3>\t\t\t\t<\/div>\n\t\t\t\t<\/div>\n\t\t\t\t\t<\/div>\n\t\t<\/div>\n\t\t\t\t\t<\/div>\n\t\t<\/section>\n\t\t\t\t<section class=\"elementor-section elementor-top-section elementor-element elementor-element-2add8eef elementor-section-boxed elementor-section-height-default elementor-section-height-default\" data-id=\"2add8eef\" data-element_type=\"section\" data-e-type=\"section\">\n\t\t\t\t\t\t<div class=\"elementor-container elementor-column-gap-default\">\n\t\t\t\t\t<div class=\"elementor-column elementor-col-33 elementor-top-column elementor-element elementor-element-207b44fb\" data-id=\"207b44fb\" data-element_type=\"column\" data-e-type=\"column\">\n\t\t\t<div class=\"elementor-widget-wrap elementor-element-populated\">\n\t\t\t\t\t\t<div class=\"elementor-element elementor-element-7ddfc2ab elementor-widget elementor-widget-image\" data-id=\"7ddfc2ab\" data-element_type=\"widget\" data-e-type=\"widget\" data-widget_type=\"image.default\">\n\t\t\t\t<div class=\"elementor-widget-container\">\n\t\t\t\t\t\t\t\t\t\t\t\t<figure class=\"wp-caption\">\n\t\t\t\t\t\t\t\t\t\t\t<a href=\"https:\/\/www.linkedin.com\/in\/gr\u00e9goire-lutun-076772164\/\">\n\t\t\t\t\t\t\t<img decoding=\"async\" width=\"150\" height=\"150\" src=\"https:\/\/lyongeologie.fr\/wp-content\/uploads\/2022\/02\/g_lutun-150x150.png\" class=\"attachment-thumbnail size-thumbnail wp-image-13695\" alt=\"\" srcset=\"https:\/\/lyongeologie.fr\/wp-content\/uploads\/2022\/02\/g_lutun-150x150.png 150w, https:\/\/lyongeologie.fr\/wp-content\/uploads\/2022\/02\/g_lutun.png 200w\" sizes=\"(max-width: 150px) 100vw, 150px\" \/>\t\t\t\t\t\t\t\t<\/a>\n\t\t\t\t\t\t\t\t\t\t\t<figcaption class=\"widget-image-caption wp-caption-text\"><a href=\"https:\/\/www.linkedin.com\/in\/gr\u00e9goire-lutun-076772164\/\/\">Son profil LinkedIn<\/a><\/figcaption>\n\t\t\t\t\t\t\t\t\t\t<\/figure>\n\t\t\t\t\t\t\t\t\t<\/div>\n\t\t\t\t<\/div>\n\t\t\t\t<div class=\"elementor-element elementor-element-18a9deb5 elementor-align-center elementor-widget elementor-widget-button\" data-id=\"18a9deb5\" data-element_type=\"widget\" data-e-type=\"widget\" data-widget_type=\"button.default\">\n\t\t\t\t<div class=\"elementor-widget-container\">\n\t\t\t\t\t\t\t\t\t<div class=\"elementor-button-wrapper\">\n\t\t\t\t\t<a class=\"elementor-button elementor-button-link elementor-size-sm\" href=\"http:\/\/lyon-geologie.univ-lyon1.fr\/temoignages\/#tem_lutun\">\n\t\t\t\t\t\t<span class=\"elementor-button-content-wrapper\">\n\t\t\t\t\t\t\t\t\t<span class=\"elementor-button-text\">Retour aux t\u00e9moignages<\/span>\n\t\t\t\t\t<\/span>\n\t\t\t\t\t<\/a>\n\t\t\t\t<\/div>\n\t\t\t\t\t\t\t\t<\/div>\n\t\t\t\t<\/div>\n\t\t\t\t\t<\/div>\n\t\t<\/div>\n\t\t\t\t<div class=\"elementor-column elementor-col-66 elementor-top-column elementor-element elementor-element-716c0ef2\" data-id=\"716c0ef2\" data-element_type=\"column\" data-e-type=\"column\">\n\t\t\t<div class=\"elementor-widget-wrap elementor-element-populated\">\n\t\t\t\t\t\t<div class=\"elementor-element elementor-element-2decbcd7 elementor-widget elementor-widget-text-editor\" data-id=\"2decbcd7\" data-element_type=\"widget\" data-e-type=\"widget\" data-widget_type=\"text-editor.default\">\n\t\t\t\t<div class=\"elementor-widget-container\">\n\t\t\t\t\t\t\t\t\t<h4>Mon parcours<\/h4><ul><li><span dir=\"ltr\" role=\"presentation\">2007-11: <strong>Licence MAG, Lyon.<\/strong><\/span><\/li><\/ul><h4><span dir=\"ltr\" role=\"presentation\">Aujourd&rsquo;hui, je suis&#8230; <\/span><\/h4><p>&#8230; ing\u00e9nieur charg\u00e9 de projet dans le domaine des sites et sols pollu\u00e9s. Mes missions sont l&rsquo;appui au chef de projet, la r\u00e9daction des livrables, la gestion d\u2019intervention et de sous-traitants, l&rsquo;expertise technique, le montage d\u2019offre avec r\u00e9daction de m\u00e9moire technique et chiffrage. Les contextes sur lesquels je suis amen\u00e9 \u00e0 intervenir sont les suivants : diagnostics environnementaux g\u00e9n\u00e9raux (toutes matrices : sol, eaux, gaz), enqu\u00eate environnementale (visites de site, interviews, cartographies, surveillance d\u2019un principe actif rep\u00e9r\u00e9 dans les eaux souterraines), <em>due diligence<\/em>, mise en place de mesures environnementales \u00e0 la suite d\u2019un accident fluvial, d\u00e9marche IED, suivi de d\u00e9pollution (sol et eau souterraine), assistance \u00e0 ma\u00eetrise d&rsquo;ouvrage, d\u00e9marche Forensie Environnementale, suivi environnemental.<\/p><h4>Ma formation \u00e0 Lyon<\/h4><p>Dans les m\u00e9tiers des Sites et Sols pollu\u00e9s, il faut apporter son expertise en hydrog\u00e9ologie, g\u00e9ologie, g\u00e9ochimie, SIG et parfois g\u00e9ophysique, tout en ayant \u00e9galement des connaissances en droit environnemental. Cette discipline est tr\u00e8s pluridisciplinaire, ce qui est pour moi tr\u00e8s int\u00e9ressant.<\/p><p>J&rsquo;ai commenc\u00e9 ma vie active dans l&rsquo;entreprise qui m&rsquo;avait accueillie en stage en L3, comme technicien dans le domaine des Mines et Carri\u00e8res. Apr\u00e8s avoir chang\u00e9 de domaine pour travailler sur les sites et sols pollu\u00e9s, mon entreprise actuelle accompagne mon \u00e9volution professionnelle pour passer du statut de technicien \u00e0 cadre charg\u00e9 de projet, et dans l&rsquo;objectif de devenir chef de projet.<\/p><h4>Des conseils ?<\/h4><p>De mes \u00e9tudes de g\u00e9ologie \u00e0 Lyon je retiens surtout l\u2019effort qu\u2019il faut fournir pour r\u00e9ussir. Tout n\u2019est pas donn\u00e9, il faut r\u00e9aliser un travail sur soi-m\u00eame afin d\u2019atteindre son objectif. Il est facile de se laisser guider et partir dans une mauvaise voie. Il faut avant tout croire en soi et ne pas baisser les bras. Je parle en connaissance de cause, tout cela m\u2019a parfois jou\u00e9 des tours&#8230;<br \/><br \/>Par ailleurs, je pense \u00e9galement \u00e0 l\u2019aspect r\u00e9dactionnel: il ne faut absolument pas n\u00e9gliger le fran\u00e7ais. Pour ma part j\u2019ai totalement r\u00e9-appris l\u2019\u00e9criture lors de ma vie professionnelle. Cet aspect est tr\u00e8s important car des personnes qui ne vous connaissent pas peuvent vous juger uniquement par votre qualit\u00e9 de r\u00e9daction (client, futur employeur, coll\u00e8gues, etc&#8230;).<\/p>\t\t\t\t\t\t\t\t<\/div>\n\t\t\t\t<\/div>\n\t\t\t\t\t<\/div>\n\t\t<\/div>\n\t\t\t\t\t<\/div>\n\t\t<\/section>\n\t\t\t\t<section class=\"elementor-section elementor-top-section elementor-element elementor-element-612ff698 elementor-section-boxed elementor-section-height-default elementor-section-height-default\" data-id=\"612ff698\" data-element_type=\"section\" data-e-type=\"section\">\n\t\t\t\t\t\t<div class=\"elementor-container elementor-column-gap-default\">\n\t\t\t\t\t<div class=\"elementor-column elementor-col-100 elementor-top-column elementor-element elementor-element-1bf4d641\" data-id=\"1bf4d641\" data-element_type=\"column\" data-e-type=\"column\">\n\t\t\t<div class=\"elementor-widget-wrap\">\n\t\t\t\t\t\t\t<\/div>\n\t\t<\/div>\n\t\t\t\t\t<\/div>\n\t\t<\/section>\n\t\t\t\t<\/div>","protected":false},"excerpt":{"rendered":"<p>Gr\u00e9goire Lutun Ing\u00e9nieur sites et sols pollu\u00e9s Son profil LinkedIn Retour aux t\u00e9moignages Mon parcours 2007-11: Licence MAG, Lyon. Aujourd&rsquo;hui, je suis&#8230; &#8230; ing\u00e9nieur charg\u00e9 de projet dans le domaine des sites et sols pollu\u00e9s. Mes missions sont l&rsquo;appui au chef de projet, la r\u00e9daction des livrables, la gestion d\u2019intervention et de sous-traitants, l&rsquo;expertise technique, [&hellip;]<\/p>\n","protected":false},"author":7,"featured_media":0,"parent":1547,"menu_order":0,"comment_status":"closed","ping_status":"closed","template":"","meta":{"site-sidebar-layout":"no-sidebar","site-content-layout":"page-builder","ast-site-content-layout":"default","site-content-style":"default","site-sidebar-style":"default","ast-global-header-display":"","ast-banner-title-visibility":"","ast-main-header-display":"","ast-hfb-above-header-display":"","ast-hfb-below-header-display":"","ast-hfb-mobile-header-display":"","site-post-title":"disabled","ast-breadcrumbs-content":"","ast-featured-img":"disabled","footer-sml-layout":"","ast-disable-related-posts":"","theme-transparent-header-meta":"","adv-header-id-meta":"","stick-header-meta":"","header-above-stick-meta":"","header-main-stick-meta":"","header-below-stick-meta":"","astra-migrate-meta-layouts":"default","ast-page-background-enabled":"default","ast-page-background-meta":{"desktop":{"background-color":"var(--ast-global-color-4)","background-image":"","background-repeat":"repeat","background-position":"center center","background-size":"auto","background-attachment":"scroll","background-type":"","background-media":"","overlay-type":"","overlay-color":"","overlay-opacity":"","overlay-gradient":""},"tablet":{"background-color":"","background-image":"","background-repeat":"repeat","background-position":"center center","background-size":"auto","background-attachment":"scroll","background-type":"","background-media":"","overlay-type":"","overlay-color":"","overlay-opacity":"","overlay-gradient":""},"mobile":{"background-color":"","background-image":"","background-repeat":"repeat","background-position":"center center","background-size":"auto","background-attachment":"scroll","background-type":"","background-media":"","overlay-type":"","overlay-color":"","overlay-opacity":"","overlay-gradient":""}},"ast-content-background-meta":{"desktop":{"background-color":"var(--ast-global-color-5)","background-image":"","background-repeat":"repeat","background-position":"center center","background-size":"auto","background-attachment":"scroll","background-type":"","background-media":"","overlay-type":"","overlay-color":"","overlay-opacity":"","overlay-gradient":""},"tablet":{"background-color":"var(--ast-global-color-5)","background-image":"","background-repeat":"repeat","background-position":"center center","background-size":"auto","background-attachment":"scroll","background-type":"","background-media":"","overlay-type":"","overlay-color":"","overlay-opacity":"","overlay-gradient":""},"mobile":{"background-color":"var(--ast-global-color-5)","background-image":"","background-repeat":"repeat","background-position":"center center","background-size":"auto","background-attachment":"scroll","background-type":"","background-media":"","overlay-type":"","overlay-color":"","overlay-opacity":"","overlay-gradient":""}},"footnotes":""},"class_list":["post-13337","page","type-page","status-publish","hentry"],"_links":{"self":[{"href":"http:\/\/lyongeologie.fr\/en\/wp-json\/wp\/v2\/pages\/13337","targetHints":{"allow":["GET"]}}],"collection":[{"href":"http:\/\/lyongeologie.fr\/en\/wp-json\/wp\/v2\/pages"}],"about":[{"href":"http:\/\/lyongeologie.fr\/en\/wp-json\/wp\/v2\/types\/page"}],"author":[{"embeddable":true,"href":"http:\/\/lyongeologie.fr\/en\/wp-json\/wp\/v2\/users\/7"}],"replies":[{"embeddable":true,"href":"http:\/\/lyongeologie.fr\/en\/wp-json\/wp\/v2\/comments?post=13337"}],"version-history":[{"count":14,"href":"http:\/\/lyongeologie.fr\/en\/wp-json\/wp\/v2\/pages\/13337\/revisions"}],"predecessor-version":[{"id":13763,"href":"http:\/\/lyongeologie.fr\/en\/wp-json\/wp\/v2\/pages\/13337\/revisions\/13763"}],"up":[{"embeddable":true,"href":"http:\/\/lyongeologie.fr\/en\/wp-json\/wp\/v2\/pages\/1547"}],"wp:attachment":[{"href":"http:\/\/lyongeologie.fr\/en\/wp-json\/wp\/v2\/media?parent=13337"}],"curies":[{"name":"wp","href":"https:\/\/api.w.org\/{rel}","templated":true}]}}