{"id":13267,"date":"2022-02-14T16:37:58","date_gmt":"2022-02-14T15:37:58","guid":{"rendered":"https:\/\/lyon-geologie.univ-lyon1.fr\/?page_id=13267"},"modified":"2022-02-15T12:48:04","modified_gmt":"2022-02-15T11:48:04","slug":"tem-fis","status":"publish","type":"page","link":"http:\/\/lyongeologie.fr\/en\/temoignages\/tem-fis\/","title":{"rendered":"Portrait Marjorie F."},"content":{"rendered":"<div data-elementor-type=\"wp-page\" data-elementor-id=\"13267\" class=\"elementor elementor-13267\">\n\t\t\t\t\t\t<section class=\"elementor-section elementor-top-section elementor-element elementor-element-2ae76cfc elementor-section-boxed elementor-section-height-default elementor-section-height-default\" data-id=\"2ae76cfc\" data-element_type=\"section\" data-e-type=\"section\">\n\t\t\t\t\t\t<div class=\"elementor-container elementor-column-gap-default\">\n\t\t\t\t\t<div class=\"elementor-column elementor-col-33 elementor-top-column elementor-element elementor-element-54f66ff4\" data-id=\"54f66ff4\" data-element_type=\"column\" data-e-type=\"column\">\n\t\t\t<div class=\"elementor-widget-wrap elementor-element-populated\">\n\t\t\t\t\t\t<div class=\"elementor-element elementor-element-5c487883 elementor-widget elementor-widget-heading\" data-id=\"5c487883\" data-element_type=\"widget\" data-e-type=\"widget\" data-widget_type=\"heading.default\">\n\t\t\t\t<div class=\"elementor-widget-container\">\n\t\t\t\t\t<h3 class=\"elementor-heading-title elementor-size-default\">Marjorie Fis<\/h3>\t\t\t\t<\/div>\n\t\t\t\t<\/div>\n\t\t\t\t\t<\/div>\n\t\t<\/div>\n\t\t\t\t<div class=\"elementor-column elementor-col-66 elementor-top-column elementor-element elementor-element-378d91d8\" data-id=\"378d91d8\" data-element_type=\"column\" data-e-type=\"column\">\n\t\t\t<div class=\"elementor-widget-wrap elementor-element-populated\">\n\t\t\t\t\t\t<div class=\"elementor-element elementor-element-a4a3509 elementor-widget elementor-widget-heading\" data-id=\"a4a3509\" data-element_type=\"widget\" data-e-type=\"widget\" data-widget_type=\"heading.default\">\n\t\t\t\t<div class=\"elementor-widget-container\">\n\t\t\t\t\t<h3 class=\"elementor-heading-title elementor-size-default\"><i>Charg\u00e9e de mission en environnement<\/i><\/h3>\t\t\t\t<\/div>\n\t\t\t\t<\/div>\n\t\t\t\t\t<\/div>\n\t\t<\/div>\n\t\t\t\t\t<\/div>\n\t\t<\/section>\n\t\t\t\t<section class=\"elementor-section elementor-top-section elementor-element elementor-element-64a87f8e elementor-section-boxed elementor-section-height-default elementor-section-height-default\" data-id=\"64a87f8e\" data-element_type=\"section\" data-e-type=\"section\">\n\t\t\t\t\t\t<div class=\"elementor-container elementor-column-gap-default\">\n\t\t\t\t\t<div class=\"elementor-column elementor-col-33 elementor-top-column elementor-element elementor-element-760712e7\" data-id=\"760712e7\" data-element_type=\"column\" data-e-type=\"column\">\n\t\t\t<div class=\"elementor-widget-wrap elementor-element-populated\">\n\t\t\t\t\t\t<div class=\"elementor-element elementor-element-c7e0529 elementor-widget elementor-widget-image\" data-id=\"c7e0529\" data-element_type=\"widget\" data-e-type=\"widget\" data-widget_type=\"image.default\">\n\t\t\t\t<div class=\"elementor-widget-container\">\n\t\t\t\t\t\t\t\t\t\t\t\t\t\t\t<img decoding=\"async\" width=\"150\" height=\"150\" src=\"https:\/\/lyongeologie.fr\/wp-content\/uploads\/2022\/01\/personne_visage-150x150.png\" class=\"attachment-thumbnail size-thumbnail wp-image-1555\" alt=\"\" srcset=\"https:\/\/lyongeologie.fr\/wp-content\/uploads\/2022\/01\/personne_visage-150x150.png 150w, https:\/\/lyongeologie.fr\/wp-content\/uploads\/2022\/01\/personne_visage-300x300.png 300w, https:\/\/lyongeologie.fr\/wp-content\/uploads\/2022\/01\/personne_visage.png 309w\" sizes=\"(max-width: 150px) 100vw, 150px\" \/>\t\t\t\t\t\t\t\t\t\t\t\t\t\t\t<\/div>\n\t\t\t\t<\/div>\n\t\t\t\t<div class=\"elementor-element elementor-element-5187ec0a elementor-align-center elementor-widget elementor-widget-button\" data-id=\"5187ec0a\" data-element_type=\"widget\" data-e-type=\"widget\" data-widget_type=\"button.default\">\n\t\t\t\t<div class=\"elementor-widget-container\">\n\t\t\t\t\t\t\t\t\t<div class=\"elementor-button-wrapper\">\n\t\t\t\t\t<a class=\"elementor-button elementor-button-link elementor-size-sm\" href=\"http:\/\/lyon-geologie.univ-lyon1.fr\/temoignages\/#tem_fis\">\n\t\t\t\t\t\t<span class=\"elementor-button-content-wrapper\">\n\t\t\t\t\t\t\t\t\t<span class=\"elementor-button-text\">Retour aux t\u00e9moignages<\/span>\n\t\t\t\t\t<\/span>\n\t\t\t\t\t<\/a>\n\t\t\t\t<\/div>\n\t\t\t\t\t\t\t\t<\/div>\n\t\t\t\t<\/div>\n\t\t\t\t\t<\/div>\n\t\t<\/div>\n\t\t\t\t<div class=\"elementor-column elementor-col-66 elementor-top-column elementor-element elementor-element-45241545\" data-id=\"45241545\" data-element_type=\"column\" data-e-type=\"column\">\n\t\t\t<div class=\"elementor-widget-wrap elementor-element-populated\">\n\t\t\t\t\t\t<div class=\"elementor-element elementor-element-6d74a5da elementor-widget elementor-widget-text-editor\" data-id=\"6d74a5da\" data-element_type=\"widget\" data-e-type=\"widget\" data-widget_type=\"text-editor.default\">\n\t\t\t\t<div class=\"elementor-widget-container\">\n\t\t\t\t\t\t\t\t\t<h4>Mon parcours<\/h4>\n<ul>\n<li><span dir=\"ltr\" role=\"presentation\">2013-16: Licence Terre &amp; Environnement (Toulouse)<\/span><\/li>\n<li><strong><span dir=\"ltr\" role=\"presentation\">2016-18: Master STPE (parcours PSP), Lyon<\/span><\/strong><\/li>\n<li><span dir=\"ltr\" role=\"presentation\">2018-19: doctorat en pal\u00e9oclimatologie, Southampton, Angleterre (interrompu).<\/span><\/li>\n<li><span dir=\"ltr\" role=\"presentation\"><span dir=\"ltr\" role=\"presentation\">2020-21: <\/span><\/span>Mast\u00e8re Sp\u00e9cialis\u00e9 \u00c9co-Ing\u00e9nierie (\u00c9cole Nationale de M\u00e9t\u00e9orologie\/INP Toulouse)<\/li>\n<\/ul>\n<h4><span dir=\"ltr\" role=\"presentation\">Aujourd&rsquo;hui, je suis&#8230; <\/span><\/h4>\n<p>&#8230; charg\u00e9e de mission g\u00e9n\u00e9raliste en environnement au sein d\u2019un bureau d\u2019\u00e9tudes qui r\u00e9alise des \u00e9tudes environnementales, pour des clients am\u00e9nageurs priv\u00e9s comme publics.<\/p>\n<p>Mon travail consiste \u00e0 r\u00e9aliser des \u00e9tudes environnementales, principalement pour des projets d\u2019\u00e9nergies renouvelables et de sites industriels. Les \u00e9tudes abordent diverses th\u00e9matiques, que ce soit le milieu physique (climatologie, g\u00e9ologie, p\u00e9dologie, topographie, hydrologie, risques naturels, etc.), le milieu humain (urbanisme, d\u00e9mographie, contexte \u00e9conomique, risques industriels, etc.) ou le contexte paysager (dynamiques et perceptions paysag\u00e8res, patrimoine, etc.) dans lesquels s\u2019ins\u00e8re un projet. Ces \u00e9tudes s\u2019int\u00e8grent dans des dossiers r\u00e9glementaires, soumis \u00e0 des proc\u00e9dures administratives, tels que la proc\u00e9dure d\u2019\u00e9valuation environnementale.<\/p>\n<h4>Ma formation \u00e0 Lyon<\/h4>\n<p align=\"justify\">Ma formation en g\u00e9osciences m\u2019a permis d\u2019obtenir des connaissances solides sur toutes les th\u00e9matiques reli\u00e9es au milieu physique des \u00e9tudes environnementales. Elle m\u2019a aussi donn\u00e9 une certaine m\u00e9thodologie et rigueur scientifique pour la r\u00e9daction des \u00e9tudes, notamment pour la recherche d\u2019information et de sources de donn\u00e9es. J\u2019y ai appris \u00e0 analyser efficacement des donn\u00e9es et j\u2019y ai d\u00e9velopp\u00e9 mon sens critique.<\/p>\n<p>La diversit\u00e9 des mati\u00e8res propos\u00e9es \u00e9tait vraiment int\u00e9ressante et les intervenants tr\u00e8s passionnants. Les stages de terrain dans les Alpes et sur la c\u00f4te m\u00e9diterran\u00e9enne m\u2019ont particuli\u00e8rement marqu\u00e9e; ils ont donn\u00e9 du sens \u00e0 tous les cours th\u00e9oriques. Les projets de groupe \u00e9taient aussi tr\u00e8s enrichissants. J&rsquo;ai \u00e9galement eu l\u2019opportunit\u00e9 de faire un stage \u00e0 l\u2019\u00e9tranger, en \u00c9cosse.<\/p>\n<h4>Des conseils ?<\/h4>\n<p>Je conseillerais aux futur.e.s \u00e9tudiant.e.s de se renseigner sur les multiples applications des g\u00e9osciences pour leur recherche de stages et leur m\u00e9moire de fin d\u2019\u00e9tudes, aussi bien dans le domaine professionnel que dans la recherche acad\u00e9mique. La formation nous ouvre beaucoup de portes, principalement dans le domaine de la recherche. Il me para\u00eet important de d\u00e9couvrir d\u2019autres possibilit\u00e9s de m\u00e9tiers, notamment dans le domaine de l\u2019ing\u00e9nierie.<\/p>\t\t\t\t\t\t\t\t<\/div>\n\t\t\t\t<\/div>\n\t\t\t\t\t<\/div>\n\t\t<\/div>\n\t\t\t\t\t<\/div>\n\t\t<\/section>\n\t\t\t\t<section class=\"elementor-section elementor-top-section elementor-element elementor-element-63d355a7 elementor-section-boxed elementor-section-height-default elementor-section-height-default\" data-id=\"63d355a7\" data-element_type=\"section\" data-e-type=\"section\">\n\t\t\t\t\t\t<div class=\"elementor-container elementor-column-gap-default\">\n\t\t\t\t\t<div class=\"elementor-column elementor-col-100 elementor-top-column elementor-element elementor-element-46f31a50\" data-id=\"46f31a50\" data-element_type=\"column\" data-e-type=\"column\">\n\t\t\t<div class=\"elementor-widget-wrap\">\n\t\t\t\t\t\t\t<\/div>\n\t\t<\/div>\n\t\t\t\t\t<\/div>\n\t\t<\/section>\n\t\t\t\t<\/div>","protected":false},"excerpt":{"rendered":"<p>Marjorie Fis Charg\u00e9e de mission en environnement Retour aux t\u00e9moignages Mon parcours 2013-16: Licence Terre &amp; Environnement (Toulouse) 2016-18: Master STPE (parcours PSP), Lyon 2018-19: doctorat en pal\u00e9oclimatologie, Southampton, Angleterre (interrompu). 2020-21: Mast\u00e8re Sp\u00e9cialis\u00e9 \u00c9co-Ing\u00e9nierie (\u00c9cole Nationale de M\u00e9t\u00e9orologie\/INP Toulouse) Aujourd&rsquo;hui, je suis&#8230; &#8230; charg\u00e9e de mission g\u00e9n\u00e9raliste en environnement au sein d\u2019un bureau d\u2019\u00e9tudes [&hellip;]<\/p>\n","protected":false},"author":7,"featured_media":0,"parent":1547,"menu_order":0,"comment_status":"closed","ping_status":"closed","template":"","meta":{"site-sidebar-layout":"no-sidebar","site-content-layout":"page-builder","ast-site-content-layout":"default","site-content-style":"default","site-sidebar-style":"default","ast-global-header-display":"","ast-banner-title-visibility":"","ast-main-header-display":"","ast-hfb-above-header-display":"","ast-hfb-below-header-display":"","ast-hfb-mobile-header-display":"","site-post-title":"disabled","ast-breadcrumbs-content":"","ast-featured-img":"disabled","footer-sml-layout":"","ast-disable-related-posts":"","theme-transparent-header-meta":"","adv-header-id-meta":"","stick-header-meta":"","header-above-stick-meta":"","header-main-stick-meta":"","header-below-stick-meta":"","astra-migrate-meta-layouts":"default","ast-page-background-enabled":"default","ast-page-background-meta":{"desktop":{"background-color":"var(--ast-global-color-4)","background-image":"","background-repeat":"repeat","background-position":"center center","background-size":"auto","background-attachment":"scroll","background-type":"","background-media":"","overlay-type":"","overlay-color":"","overlay-opacity":"","overlay-gradient":""},"tablet":{"background-color":"","background-image":"","background-repeat":"repeat","background-position":"center center","background-size":"auto","background-attachment":"scroll","background-type":"","background-media":"","overlay-type":"","overlay-color":"","overlay-opacity":"","overlay-gradient":""},"mobile":{"background-color":"","background-image":"","background-repeat":"repeat","background-position":"center center","background-size":"auto","background-attachment":"scroll","background-type":"","background-media":"","overlay-type":"","overlay-color":"","overlay-opacity":"","overlay-gradient":""}},"ast-content-background-meta":{"desktop":{"background-color":"var(--ast-global-color-5)","background-image":"","background-repeat":"repeat","background-position":"center center","background-size":"auto","background-attachment":"scroll","background-type":"","background-media":"","overlay-type":"","overlay-color":"","overlay-opacity":"","overlay-gradient":""},"tablet":{"background-color":"var(--ast-global-color-5)","background-image":"","background-repeat":"repeat","background-position":"center center","background-size":"auto","background-attachment":"scroll","background-type":"","background-media":"","overlay-type":"","overlay-color":"","overlay-opacity":"","overlay-gradient":""},"mobile":{"background-color":"var(--ast-global-color-5)","background-image":"","background-repeat":"repeat","background-position":"center center","background-size":"auto","background-attachment":"scroll","background-type":"","background-media":"","overlay-type":"","overlay-color":"","overlay-opacity":"","overlay-gradient":""}},"footnotes":""},"class_list":["post-13267","page","type-page","status-publish","hentry"],"_links":{"self":[{"href":"http:\/\/lyongeologie.fr\/en\/wp-json\/wp\/v2\/pages\/13267","targetHints":{"allow":["GET"]}}],"collection":[{"href":"http:\/\/lyongeologie.fr\/en\/wp-json\/wp\/v2\/pages"}],"about":[{"href":"http:\/\/lyongeologie.fr\/en\/wp-json\/wp\/v2\/types\/page"}],"author":[{"embeddable":true,"href":"http:\/\/lyongeologie.fr\/en\/wp-json\/wp\/v2\/users\/7"}],"replies":[{"embeddable":true,"href":"http:\/\/lyongeologie.fr\/en\/wp-json\/wp\/v2\/comments?post=13267"}],"version-history":[{"count":21,"href":"http:\/\/lyongeologie.fr\/en\/wp-json\/wp\/v2\/pages\/13267\/revisions"}],"predecessor-version":[{"id":13751,"href":"http:\/\/lyongeologie.fr\/en\/wp-json\/wp\/v2\/pages\/13267\/revisions\/13751"}],"up":[{"embeddable":true,"href":"http:\/\/lyongeologie.fr\/en\/wp-json\/wp\/v2\/pages\/1547"}],"wp:attachment":[{"href":"http:\/\/lyongeologie.fr\/en\/wp-json\/wp\/v2\/media?parent=13267"}],"curies":[{"name":"wp","href":"https:\/\/api.w.org\/{rel}","templated":true}]}}