{"id":12877,"date":"2022-02-10T16:44:41","date_gmt":"2022-02-10T15:44:41","guid":{"rendered":"https:\/\/lyon-geologie.univ-lyon1.fr\/?page_id=12877"},"modified":"2022-02-15T13:01:45","modified_gmt":"2022-02-15T12:01:45","slug":"tem-lasbleis","status":"publish","type":"page","link":"http:\/\/lyongeologie.fr\/en\/temoignages\/tem-lasbleis\/","title":{"rendered":"Portrait Marine L."},"content":{"rendered":"<div data-elementor-type=\"wp-page\" data-elementor-id=\"12877\" class=\"elementor elementor-12877\">\n\t\t\t\t\t\t<section class=\"elementor-section elementor-top-section elementor-element elementor-element-40aa30e7 elementor-section-boxed elementor-section-height-default elementor-section-height-default\" data-id=\"40aa30e7\" data-element_type=\"section\" data-e-type=\"section\">\n\t\t\t\t\t\t<div class=\"elementor-container elementor-column-gap-default\">\n\t\t\t\t\t<div class=\"elementor-column elementor-col-33 elementor-top-column elementor-element elementor-element-52f374cc\" data-id=\"52f374cc\" data-element_type=\"column\" data-e-type=\"column\">\n\t\t\t<div class=\"elementor-widget-wrap elementor-element-populated\">\n\t\t\t\t\t\t<div class=\"elementor-element elementor-element-479dcc26 elementor-widget elementor-widget-heading\" data-id=\"479dcc26\" data-element_type=\"widget\" data-e-type=\"widget\" data-widget_type=\"heading.default\">\n\t\t\t\t<div class=\"elementor-widget-container\">\n\t\t\t\t\t<h3 class=\"elementor-heading-title elementor-size-default\">Marine Lasbleis<\/h3>\t\t\t\t<\/div>\n\t\t\t\t<\/div>\n\t\t\t\t\t<\/div>\n\t\t<\/div>\n\t\t\t\t<div class=\"elementor-column elementor-col-66 elementor-top-column elementor-element elementor-element-1e3c451d\" data-id=\"1e3c451d\" data-element_type=\"column\" data-e-type=\"column\">\n\t\t\t<div class=\"elementor-widget-wrap elementor-element-populated\">\n\t\t\t\t\t\t<div class=\"elementor-element elementor-element-1bd36d34 elementor-widget elementor-widget-heading\" data-id=\"1bd36d34\" data-element_type=\"widget\" data-e-type=\"widget\" data-widget_type=\"heading.default\">\n\t\t\t\t<div class=\"elementor-widget-container\">\n\t\t\t\t\t<h3 class=\"elementor-heading-title elementor-size-default\"><i>Ing\u00e9nieure de recherche<\/i><\/h3>\t\t\t\t<\/div>\n\t\t\t\t<\/div>\n\t\t\t\t\t<\/div>\n\t\t<\/div>\n\t\t\t\t\t<\/div>\n\t\t<\/section>\n\t\t\t\t<section class=\"elementor-section elementor-top-section elementor-element elementor-element-23611a50 elementor-section-boxed elementor-section-height-default elementor-section-height-default\" data-id=\"23611a50\" data-element_type=\"section\" data-e-type=\"section\">\n\t\t\t\t\t\t<div class=\"elementor-container elementor-column-gap-default\">\n\t\t\t\t\t<div class=\"elementor-column elementor-col-33 elementor-top-column elementor-element elementor-element-5bca0dcf\" data-id=\"5bca0dcf\" data-element_type=\"column\" data-e-type=\"column\">\n\t\t\t<div class=\"elementor-widget-wrap elementor-element-populated\">\n\t\t\t\t\t\t<div class=\"elementor-element elementor-element-139dd8b0 elementor-widget elementor-widget-image\" data-id=\"139dd8b0\" data-element_type=\"widget\" data-e-type=\"widget\" data-widget_type=\"image.default\">\n\t\t\t\t<div class=\"elementor-widget-container\">\n\t\t\t\t\t\t\t\t\t\t\t\t<figure class=\"wp-caption\">\n\t\t\t\t\t\t\t\t\t\t\t<a href=\"https:\/\/www.linkedin.com\/in\/marine-lasbleis\/\">\n\t\t\t\t\t\t\t<img decoding=\"async\" width=\"174\" height=\"174\" src=\"https:\/\/lyongeologie.fr\/wp-content\/uploads\/2022\/02\/m_lasbleis.png\" class=\"attachment-large size-large wp-image-12907\" alt=\"\" srcset=\"https:\/\/lyongeologie.fr\/wp-content\/uploads\/2022\/02\/m_lasbleis.png 174w, https:\/\/lyongeologie.fr\/wp-content\/uploads\/2022\/02\/m_lasbleis-150x150.png 150w\" sizes=\"(max-width: 174px) 100vw, 174px\" \/>\t\t\t\t\t\t\t\t<\/a>\n\t\t\t\t\t\t\t\t\t\t\t<figcaption class=\"widget-image-caption wp-caption-text\"><a href=\"https:\/\/www.linkedin.com\/in\/marine-lasbleis\/\">Son profil LinkedIn<\/a><\/figcaption>\n\t\t\t\t\t\t\t\t\t\t<\/figure>\n\t\t\t\t\t\t\t\t\t<\/div>\n\t\t\t\t<\/div>\n\t\t\t\t<div class=\"elementor-element elementor-element-6dfd2a43 elementor-align-center elementor-widget elementor-widget-button\" data-id=\"6dfd2a43\" data-element_type=\"widget\" data-e-type=\"widget\" data-widget_type=\"button.default\">\n\t\t\t\t<div class=\"elementor-widget-container\">\n\t\t\t\t\t\t\t\t\t<div class=\"elementor-button-wrapper\">\n\t\t\t\t\t<a class=\"elementor-button elementor-button-link elementor-size-sm\" href=\"http:\/\/lyon-geologie.univ-lyon1.fr\/temoignages\/#tem_lasbleis\">\n\t\t\t\t\t\t<span class=\"elementor-button-content-wrapper\">\n\t\t\t\t\t\t\t\t\t<span class=\"elementor-button-text\">Retour aux t\u00e9moignages<\/span>\n\t\t\t\t\t<\/span>\n\t\t\t\t\t<\/a>\n\t\t\t\t<\/div>\n\t\t\t\t\t\t\t\t<\/div>\n\t\t\t\t<\/div>\n\t\t\t\t\t<\/div>\n\t\t<\/div>\n\t\t\t\t<div class=\"elementor-column elementor-col-66 elementor-top-column elementor-element elementor-element-124d2471\" data-id=\"124d2471\" data-element_type=\"column\" data-e-type=\"column\">\n\t\t\t<div class=\"elementor-widget-wrap elementor-element-populated\">\n\t\t\t\t\t\t<div class=\"elementor-element elementor-element-41ba5503 elementor-widget elementor-widget-text-editor\" data-id=\"41ba5503\" data-element_type=\"widget\" data-e-type=\"widget\" data-widget_type=\"text-editor.default\">\n\t\t\t\t<div class=\"elementor-widget-container\">\n\t\t\t\t\t\t\t\t\t<h4>Mon parcours<\/h4><ul><li><span dir=\"ltr\" role=\"presentation\">Classes pr\u00e9paratoires BCPST<\/span><\/li><li><strong><span dir=\"ltr\" role=\"presentation\">L3 G\u00e9osciences, Lyon<\/span><\/strong><\/li><li><span dir=\"ltr\" role=\"presentation\"><strong>M1 STPE<\/strong> puis M2 Physique \u00e0 l&rsquo;ENS Lyon<\/span><\/li><li><span dir=\"ltr\" role=\"presentation\">Th\u00e8se de g\u00e9ophysique (Laboratoire de G\u00e9ologie de Lyon)<\/span><\/li><\/ul><h4><span dir=\"ltr\" role=\"presentation\">Aujourd&rsquo;hui, je suis&#8230; <\/span><\/h4><p>&#8230; ing\u00e9nieure de recherche en hydrodynamique navale. Apr\u00e8s ma th\u00e8se et 6 ans de post doc (au Japon et en France) sur des sujets fondamentalement g\u00e9osciences et plan\u00e9tologie, j\u2019ai chang\u00e9 drastiquement de th\u00e9matique\u00a0(mais pas de m\u00e9thodes\u00a0!). Je d\u00e9veloppe des outils en m\u00e9canique des fluides num\u00e9riques pour la tenue \u00e0 la mer des navires, \u00e0 l\u2019interface entre un groupe de recherche priv\u00e9 et un groupe de recherche de l\u2019\u00e9cole Centrale de Nantes.<\/p><h4>Ma formation \u00e0 Lyon<\/h4><p>La formation en g\u00e9osciences \u00e0 Lyon m\u2019a permis de d\u00e9velopper plein d\u2019outils indispensables pour mes activit\u00e9s\u00a0: multidisciplinarit\u00e9 (et capacit\u00e9 \u00e0 int\u00e9grer un nouveau sujet rapidement), m\u00e9thodes num\u00e9riques, m\u00e9canique des fluides et des structures, etc. Ce qui fait la diff\u00e9rence aujourd\u2019hui est probablement l\u2019aspect multidisciplinaire, absolument indispensable en g\u00e9osciences mais aussi dans un grand groupe de recherche, et qui fait que l\u2019on sort de notre formation en \u00e9tant capable d\u2019interagir avec des scientifiques d\u2019horizons et de champs d\u2019expertises tr\u00e8s vari\u00e9s.<\/p><h4>Des conseils ?<\/h4><p>Au-del\u00e0 des connaissances en g\u00e9osciences en elle-m\u00eame, j\u2019ai surtout gard\u00e9 des m\u00e9thodes de travail, d\u2019apprentissage et de communication. Dans la suite, ce seront ces outils-l\u00e0 qui feront la diff\u00e9rence, ne les n\u00e9gligez pas\u00a0!<\/p>\t\t\t\t\t\t\t\t<\/div>\n\t\t\t\t<\/div>\n\t\t\t\t\t<\/div>\n\t\t<\/div>\n\t\t\t\t\t<\/div>\n\t\t<\/section>\n\t\t\t\t<section class=\"elementor-section elementor-top-section elementor-element elementor-element-8bb7cc2 elementor-section-boxed elementor-section-height-default elementor-section-height-default\" data-id=\"8bb7cc2\" data-element_type=\"section\" data-e-type=\"section\">\n\t\t\t\t\t\t<div class=\"elementor-container elementor-column-gap-default\">\n\t\t\t\t\t<div class=\"elementor-column elementor-col-100 elementor-top-column elementor-element elementor-element-398a70f5\" data-id=\"398a70f5\" data-element_type=\"column\" data-e-type=\"column\">\n\t\t\t<div class=\"elementor-widget-wrap\">\n\t\t\t\t\t\t\t<\/div>\n\t\t<\/div>\n\t\t\t\t\t<\/div>\n\t\t<\/section>\n\t\t\t\t<\/div>","protected":false},"excerpt":{"rendered":"<p>Marine Lasbleis Ing\u00e9nieure de recherche Son profil LinkedIn Retour aux t\u00e9moignages Mon parcours Classes pr\u00e9paratoires BCPST L3 G\u00e9osciences, Lyon M1 STPE puis M2 Physique \u00e0 l&rsquo;ENS Lyon Th\u00e8se de g\u00e9ophysique (Laboratoire de G\u00e9ologie de Lyon) Aujourd&rsquo;hui, je suis&#8230; &#8230; ing\u00e9nieure de recherche en hydrodynamique navale. Apr\u00e8s ma th\u00e8se et 6 ans de post doc (au [&hellip;]<\/p>\n","protected":false},"author":7,"featured_media":0,"parent":1547,"menu_order":0,"comment_status":"closed","ping_status":"closed","template":"","meta":{"site-sidebar-layout":"no-sidebar","site-content-layout":"page-builder","ast-site-content-layout":"default","site-content-style":"default","site-sidebar-style":"default","ast-global-header-display":"","ast-banner-title-visibility":"","ast-main-header-display":"","ast-hfb-above-header-display":"","ast-hfb-below-header-display":"","ast-hfb-mobile-header-display":"","site-post-title":"disabled","ast-breadcrumbs-content":"","ast-featured-img":"disabled","footer-sml-layout":"","ast-disable-related-posts":"","theme-transparent-header-meta":"","adv-header-id-meta":"","stick-header-meta":"","header-above-stick-meta":"","header-main-stick-meta":"","header-below-stick-meta":"","astra-migrate-meta-layouts":"default","ast-page-background-enabled":"default","ast-page-background-meta":{"desktop":{"background-color":"var(--ast-global-color-4)","background-image":"","background-repeat":"repeat","background-position":"center center","background-size":"auto","background-attachment":"scroll","background-type":"","background-media":"","overlay-type":"","overlay-color":"","overlay-opacity":"","overlay-gradient":""},"tablet":{"background-color":"","background-image":"","background-repeat":"repeat","background-position":"center center","background-size":"auto","background-attachment":"scroll","background-type":"","background-media":"","overlay-type":"","overlay-color":"","overlay-opacity":"","overlay-gradient":""},"mobile":{"background-color":"","background-image":"","background-repeat":"repeat","background-position":"center center","background-size":"auto","background-attachment":"scroll","background-type":"","background-media":"","overlay-type":"","overlay-color":"","overlay-opacity":"","overlay-gradient":""}},"ast-content-background-meta":{"desktop":{"background-color":"var(--ast-global-color-5)","background-image":"","background-repeat":"repeat","background-position":"center center","background-size":"auto","background-attachment":"scroll","background-type":"","background-media":"","overlay-type":"","overlay-color":"","overlay-opacity":"","overlay-gradient":""},"tablet":{"background-color":"var(--ast-global-color-5)","background-image":"","background-repeat":"repeat","background-position":"center center","background-size":"auto","background-attachment":"scroll","background-type":"","background-media":"","overlay-type":"","overlay-color":"","overlay-opacity":"","overlay-gradient":""},"mobile":{"background-color":"var(--ast-global-color-5)","background-image":"","background-repeat":"repeat","background-position":"center center","background-size":"auto","background-attachment":"scroll","background-type":"","background-media":"","overlay-type":"","overlay-color":"","overlay-opacity":"","overlay-gradient":""}},"footnotes":""},"class_list":["post-12877","page","type-page","status-publish","hentry"],"_links":{"self":[{"href":"http:\/\/lyongeologie.fr\/en\/wp-json\/wp\/v2\/pages\/12877","targetHints":{"allow":["GET"]}}],"collection":[{"href":"http:\/\/lyongeologie.fr\/en\/wp-json\/wp\/v2\/pages"}],"about":[{"href":"http:\/\/lyongeologie.fr\/en\/wp-json\/wp\/v2\/types\/page"}],"author":[{"embeddable":true,"href":"http:\/\/lyongeologie.fr\/en\/wp-json\/wp\/v2\/users\/7"}],"replies":[{"embeddable":true,"href":"http:\/\/lyongeologie.fr\/en\/wp-json\/wp\/v2\/comments?post=12877"}],"version-history":[{"count":21,"href":"http:\/\/lyongeologie.fr\/en\/wp-json\/wp\/v2\/pages\/12877\/revisions"}],"predecessor-version":[{"id":13785,"href":"http:\/\/lyongeologie.fr\/en\/wp-json\/wp\/v2\/pages\/12877\/revisions\/13785"}],"up":[{"embeddable":true,"href":"http:\/\/lyongeologie.fr\/en\/wp-json\/wp\/v2\/pages\/1547"}],"wp:attachment":[{"href":"http:\/\/lyongeologie.fr\/en\/wp-json\/wp\/v2\/media?parent=12877"}],"curies":[{"name":"wp","href":"https:\/\/api.w.org\/{rel}","templated":true}]}}